{"id":1784,"date":"2017-11-09T03:43:30","date_gmt":"2017-11-09T03:43:30","guid":{"rendered":"http:\/\/ebooks-creddm.org\/?post_type=product&#038;p=1784"},"modified":"2022-01-17T08:35:50","modified_gmt":"2022-01-17T08:35:50","slug":"legisiuris-de-macau-em-revista-no7","status":"publish","type":"product","link":"https:\/\/ebooks-creddm.org\/?product=legisiuris-de-macau-em-revista-no7","title":{"rendered":"Legisiuris de Macau em Revista N\u00ba7"},"content":{"rendered":"  \t<div class=\"pdf-light-viewer js-pdf-light-viewer pdf-light-viewer--theme-light\" \t\tdata-enable-zoom=\"1\"         data-zoom-magnify=\"1\">  \t\t \t\t<div class=\"pdf-light-viewer-magazine-viewport js-pdf-light-viewer-magazine-viewport with-nav-bottom\">  \t\t\t\t\t\t\t<ul class=\"pdf-light-viewer-features-top-panel\"> \t\t\t\t\t      <li>         <a title=\"Fullscreen\" href=\"#!\" class=\"js-pdf-light-viewer-fullscreen\">             <i class=\"icons slicon-size-fullscreen\"><\/i>             <i class=\"icons slicon-size-actual initially-hidden\"><\/i>         <\/a>     <\/li>      <li>         <a class=\"js-pdf-light-viewer-toggle-zoom\" href=\"#!\" title=\"Zoom enabled\">             <i class=\"icons slicon-frame\"><\/i>         <\/a>     <\/li>    \t\t\t\t<\/ul> \t\t\t \t\t\t<div class=\"pdf-light-viewer-magazine-viewport-container\"> \t\t\t\t<div class=\"js-pdf-light-viewer-magazine pdf-light-viewer-magazine\"                     data-max-book-width=\"0\"                     data-max-book-height=\"0\"                     data-limit-fullscreen-book-height=\"0\" \t\t\t\t\tdata-width=\"786\" \t\t\t\t\tdata-height=\"1087\" \t\t\t\t\tdata-pages-count=\"13\" \t\t\t\t\tdata-page-layout=\"adaptive\"                     data-download-page-format=\"jpg\"                     data-theme=\"\"                     data-disable-images-preloading=\"0\"> \t\t\t\t\t\t\t\t\t\t\t<div style=\"background-image:url('https:\/\/ebooks-creddm.org\/wp-content\/plugins\/pdf-light-viewer\/resources\/assets\/img\/lightpaperfibers.png');\"> \t\t\t\t\t\t\t<div class=\"gradient\"><\/div>                                                             <img \t\t\t\t\t\t\t\t\tclass=\"js-pdf-light-viewer-lazy-loading js-pdf-light-viewer-lazy-loading-1 initially-hidden\" \t\t\t\t\t\t\t\t\tsrc=\"https:\/\/ebooks-creddm.org\/wp-content\/plugins\/pdf-light-viewer\/resources\/assets\/img\/lightpaperfibers.png\" \t\t\t\t\t\t\t\t\tdata-original=\"https:\/\/ebooks-creddm.org\/wp-content\/uploads\/pdf-light-viewer\/1790\/page-00001.jpg\" \t\t\t\t\t\t\t\t\twidth=\"100%\" \t\t\t\t\t\t\t\t\theight=\"100%\" \t\t\t\t\t\t\t\t\t\/>                             \t\t\t\t\t\t<\/div> \t\t\t\t\t\t\t\t\t\t\t<div style=\"background-image:url('https:\/\/ebooks-creddm.org\/wp-content\/plugins\/pdf-light-viewer\/resources\/assets\/img\/lightpaperfibers.png');\"> \t\t\t\t\t\t\t<div class=\"gradient\"><\/div>                                                             <img \t\t\t\t\t\t\t\t\tclass=\"js-pdf-light-viewer-lazy-loading js-pdf-light-viewer-lazy-loading-2 initially-hidden\" \t\t\t\t\t\t\t\t\tsrc=\"https:\/\/ebooks-creddm.org\/wp-content\/plugins\/pdf-light-viewer\/resources\/assets\/img\/lightpaperfibers.png\" \t\t\t\t\t\t\t\t\tdata-original=\"https:\/\/ebooks-creddm.org\/wp-content\/uploads\/pdf-light-viewer\/1790\/page-00002.jpg\" \t\t\t\t\t\t\t\t\twidth=\"100%\" \t\t\t\t\t\t\t\t\theight=\"100%\" \t\t\t\t\t\t\t\t\t\/>                             \t\t\t\t\t\t<\/div> \t\t\t\t\t\t\t\t\t\t\t<div style=\"background-image:url('https:\/\/ebooks-creddm.org\/wp-content\/plugins\/pdf-light-viewer\/resources\/assets\/img\/lightpaperfibers.png');\"> \t\t\t\t\t\t\t<div class=\"gradient\"><\/div>                                                             <img \t\t\t\t\t\t\t\t\tclass=\"js-pdf-light-viewer-lazy-loading js-pdf-light-viewer-lazy-loading-3 initially-hidden\" \t\t\t\t\t\t\t\t\tsrc=\"https:\/\/ebooks-creddm.org\/wp-content\/plugins\/pdf-light-viewer\/resources\/assets\/img\/lightpaperfibers.png\" \t\t\t\t\t\t\t\t\tdata-original=\"https:\/\/ebooks-creddm.org\/wp-content\/uploads\/pdf-light-viewer\/1790\/page-00003.jpg\" \t\t\t\t\t\t\t\t\twidth=\"100%\" \t\t\t\t\t\t\t\t\theight=\"100%\" \t\t\t\t\t\t\t\t\t\/>                             \t\t\t\t\t\t<\/div> \t\t\t\t\t\t\t\t\t\t\t<div style=\"background-image:url('https:\/\/ebooks-creddm.org\/wp-content\/plugins\/pdf-light-viewer\/resources\/assets\/img\/lightpaperfibers.png');\"> \t\t\t\t\t\t\t<div class=\"gradient\"><\/div>                                                             <img \t\t\t\t\t\t\t\t\tclass=\"js-pdf-light-viewer-lazy-loading js-pdf-light-viewer-lazy-loading-4 initially-hidden\" \t\t\t\t\t\t\t\t\tsrc=\"https:\/\/ebooks-creddm.org\/wp-content\/plugins\/pdf-light-viewer\/resources\/assets\/img\/lightpaperfibers.png\" \t\t\t\t\t\t\t\t\tdata-original=\"https:\/\/ebooks-creddm.org\/wp-content\/uploads\/pdf-light-viewer\/1790\/page-00004.jpg\" \t\t\t\t\t\t\t\t\twidth=\"100%\" \t\t\t\t\t\t\t\t\theight=\"100%\" \t\t\t\t\t\t\t\t\t\/>                             \t\t\t\t\t\t<\/div> \t\t\t\t\t\t\t\t\t\t\t<div style=\"background-image:url('https:\/\/ebooks-creddm.org\/wp-content\/plugins\/pdf-light-viewer\/resources\/assets\/img\/lightpaperfibers.png');\"> \t\t\t\t\t\t\t<div class=\"gradient\"><\/div>                                                             <img \t\t\t\t\t\t\t\t\tclass=\"js-pdf-light-viewer-lazy-loading js-pdf-light-viewer-lazy-loading-5 initially-hidden\" \t\t\t\t\t\t\t\t\tsrc=\"https:\/\/ebooks-creddm.org\/wp-content\/plugins\/pdf-light-viewer\/resources\/assets\/img\/lightpaperfibers.png\" \t\t\t\t\t\t\t\t\tdata-original=\"https:\/\/ebooks-creddm.org\/wp-content\/uploads\/pdf-light-viewer\/1790\/page-00005.jpg\" \t\t\t\t\t\t\t\t\twidth=\"100%\" \t\t\t\t\t\t\t\t\theight=\"100%\" \t\t\t\t\t\t\t\t\t\/>                             \t\t\t\t\t\t<\/div> \t\t\t\t\t\t\t\t\t\t\t<div style=\"background-image:url('https:\/\/ebooks-creddm.org\/wp-content\/plugins\/pdf-light-viewer\/resources\/assets\/img\/lightpaperfibers.png');\"> \t\t\t\t\t\t\t<div class=\"gradient\"><\/div>                                                             <img \t\t\t\t\t\t\t\t\tclass=\"js-pdf-light-viewer-lazy-loading js-pdf-light-viewer-lazy-loading-6 initially-hidden\" \t\t\t\t\t\t\t\t\tsrc=\"https:\/\/ebooks-creddm.org\/wp-content\/plugins\/pdf-light-viewer\/resources\/assets\/img\/lightpaperfibers.png\" \t\t\t\t\t\t\t\t\tdata-original=\"https:\/\/ebooks-creddm.org\/wp-content\/uploads\/pdf-light-viewer\/1790\/page-00006.jpg\" \t\t\t\t\t\t\t\t\twidth=\"100%\" \t\t\t\t\t\t\t\t\theight=\"100%\" \t\t\t\t\t\t\t\t\t\/>                             \t\t\t\t\t\t<\/div> \t\t\t\t\t\t\t\t\t\t\t<div style=\"background-image:url('https:\/\/ebooks-creddm.org\/wp-content\/plugins\/pdf-light-viewer\/resources\/assets\/img\/lightpaperfibers.png');\"> \t\t\t\t\t\t\t<div class=\"gradient\"><\/div>                                                             <img \t\t\t\t\t\t\t\t\tclass=\"js-pdf-light-viewer-lazy-loading js-pdf-light-viewer-lazy-loading-7 initially-hidden\" \t\t\t\t\t\t\t\t\tsrc=\"https:\/\/ebooks-creddm.org\/wp-content\/plugins\/pdf-light-viewer\/resources\/assets\/img\/lightpaperfibers.png\" \t\t\t\t\t\t\t\t\tdata-original=\"https:\/\/ebooks-creddm.org\/wp-content\/uploads\/pdf-light-viewer\/1790\/page-00007.jpg\" \t\t\t\t\t\t\t\t\twidth=\"100%\" \t\t\t\t\t\t\t\t\theight=\"100%\" \t\t\t\t\t\t\t\t\t\/>                             \t\t\t\t\t\t<\/div> \t\t\t\t\t\t\t\t\t\t\t<div style=\"background-image:url('https:\/\/ebooks-creddm.org\/wp-content\/plugins\/pdf-light-viewer\/resources\/assets\/img\/lightpaperfibers.png');\"> \t\t\t\t\t\t\t<div class=\"gradient\"><\/div>                                                             <img \t\t\t\t\t\t\t\t\tclass=\"js-pdf-light-viewer-lazy-loading js-pdf-light-viewer-lazy-loading-8 initially-hidden\" \t\t\t\t\t\t\t\t\tsrc=\"https:\/\/ebooks-creddm.org\/wp-content\/plugins\/pdf-light-viewer\/resources\/assets\/img\/lightpaperfibers.png\" \t\t\t\t\t\t\t\t\tdata-original=\"https:\/\/ebooks-creddm.org\/wp-content\/uploads\/pdf-light-viewer\/1790\/page-00008.jpg\" \t\t\t\t\t\t\t\t\twidth=\"100%\" \t\t\t\t\t\t\t\t\theight=\"100%\" \t\t\t\t\t\t\t\t\t\/>                             \t\t\t\t\t\t<\/div> \t\t\t\t\t\t\t\t\t\t\t<div style=\"background-image:url('https:\/\/ebooks-creddm.org\/wp-content\/plugins\/pdf-light-viewer\/resources\/assets\/img\/lightpaperfibers.png');\"> \t\t\t\t\t\t\t<div class=\"gradient\"><\/div>                                                             <img \t\t\t\t\t\t\t\t\tclass=\"js-pdf-light-viewer-lazy-loading js-pdf-light-viewer-lazy-loading-9 initially-hidden\" \t\t\t\t\t\t\t\t\tsrc=\"https:\/\/ebooks-creddm.org\/wp-content\/plugins\/pdf-light-viewer\/resources\/assets\/img\/lightpaperfibers.png\" \t\t\t\t\t\t\t\t\tdata-original=\"https:\/\/ebooks-creddm.org\/wp-content\/uploads\/pdf-light-viewer\/1790\/page-00009.jpg\" \t\t\t\t\t\t\t\t\twidth=\"100%\" \t\t\t\t\t\t\t\t\theight=\"100%\" \t\t\t\t\t\t\t\t\t\/>                             \t\t\t\t\t\t<\/div> \t\t\t\t\t\t\t\t\t\t\t<div style=\"background-image:url('https:\/\/ebooks-creddm.org\/wp-content\/plugins\/pdf-light-viewer\/resources\/assets\/img\/lightpaperfibers.png');\"> \t\t\t\t\t\t\t<div class=\"gradient\"><\/div>                                                             <img \t\t\t\t\t\t\t\t\tclass=\"js-pdf-light-viewer-lazy-loading js-pdf-light-viewer-lazy-loading-10 initially-hidden\" \t\t\t\t\t\t\t\t\tsrc=\"https:\/\/ebooks-creddm.org\/wp-content\/plugins\/pdf-light-viewer\/resources\/assets\/img\/lightpaperfibers.png\" \t\t\t\t\t\t\t\t\tdata-original=\"https:\/\/ebooks-creddm.org\/wp-content\/uploads\/pdf-light-viewer\/1790\/page-00010.jpg\" \t\t\t\t\t\t\t\t\twidth=\"100%\" \t\t\t\t\t\t\t\t\theight=\"100%\" \t\t\t\t\t\t\t\t\t\/>                             \t\t\t\t\t\t<\/div> \t\t\t\t\t\t\t\t\t\t\t<div style=\"background-image:url('https:\/\/ebooks-creddm.org\/wp-content\/plugins\/pdf-light-viewer\/resources\/assets\/img\/lightpaperfibers.png');\"> \t\t\t\t\t\t\t<div class=\"gradient\"><\/div>                                                             <img \t\t\t\t\t\t\t\t\tclass=\"js-pdf-light-viewer-lazy-loading js-pdf-light-viewer-lazy-loading-11 initially-hidden\" \t\t\t\t\t\t\t\t\tsrc=\"https:\/\/ebooks-creddm.org\/wp-content\/plugins\/pdf-light-viewer\/resources\/assets\/img\/lightpaperfibers.png\" \t\t\t\t\t\t\t\t\tdata-original=\"https:\/\/ebooks-creddm.org\/wp-content\/uploads\/pdf-light-viewer\/1790\/page-00011.jpg\" \t\t\t\t\t\t\t\t\twidth=\"100%\" \t\t\t\t\t\t\t\t\theight=\"100%\" \t\t\t\t\t\t\t\t\t\/>                             \t\t\t\t\t\t<\/div> \t\t\t\t\t\t\t\t\t\t\t<div style=\"background-image:url('https:\/\/ebooks-creddm.org\/wp-content\/plugins\/pdf-light-viewer\/resources\/assets\/img\/lightpaperfibers.png');\"> \t\t\t\t\t\t\t<div class=\"gradient\"><\/div>                                                             <img \t\t\t\t\t\t\t\t\tclass=\"js-pdf-light-viewer-lazy-loading js-pdf-light-viewer-lazy-loading-12 initially-hidden\" \t\t\t\t\t\t\t\t\tsrc=\"https:\/\/ebooks-creddm.org\/wp-content\/plugins\/pdf-light-viewer\/resources\/assets\/img\/lightpaperfibers.png\" \t\t\t\t\t\t\t\t\tdata-original=\"https:\/\/ebooks-creddm.org\/wp-content\/uploads\/pdf-light-viewer\/1790\/page-00012.jpg\" \t\t\t\t\t\t\t\t\twidth=\"100%\" \t\t\t\t\t\t\t\t\theight=\"100%\" \t\t\t\t\t\t\t\t\t\/>                             \t\t\t\t\t\t<\/div> \t\t\t\t\t\t\t\t\t\t\t<div style=\"background-image:url('https:\/\/ebooks-creddm.org\/wp-content\/plugins\/pdf-light-viewer\/resources\/assets\/img\/lightpaperfibers.png');\"> \t\t\t\t\t\t\t<div class=\"gradient\"><\/div>                                                             <img \t\t\t\t\t\t\t\t\tclass=\"js-pdf-light-viewer-lazy-loading js-pdf-light-viewer-lazy-loading-13 initially-hidden\" \t\t\t\t\t\t\t\t\tsrc=\"https:\/\/ebooks-creddm.org\/wp-content\/plugins\/pdf-light-viewer\/resources\/assets\/img\/lightpaperfibers.png\" \t\t\t\t\t\t\t\t\tdata-original=\"https:\/\/ebooks-creddm.org\/wp-content\/uploads\/pdf-light-viewer\/1790\/page-00013.jpg\" \t\t\t\t\t\t\t\t\twidth=\"100%\" \t\t\t\t\t\t\t\t\theight=\"100%\" \t\t\t\t\t\t\t\t\t\/>                             \t\t\t\t\t\t<\/div> \t\t\t\t\t\t\t\t\t<\/div> \t\t\t<\/div> \t\t<\/div>  \t\t<!-- Thumbnails --> \t\t\t\t\t<div class=\"pdf-light-viewer-magazine-thumbnails js-pdf-light-viewer-magazine-thumbnails\">  \t\t\t\t<div class=\"pdf-light-viewer-features-bottom-panel\"> \t\t\t\t\t<ul>     <li>         <div class=\"i pdf-light-viewer-slide\">             <a href=\"#page\/1\" class=\"page-1 js-page-thumbnail\">                 <img                     src=\"https:\/\/ebooks-creddm.org\/wp-content\/uploads\/pdf-light-viewer\/1790-thumbs\/page-00001-100x76.jpg\"                     alt=\"\"                     \/>             <\/a>             <span>                 1                             <\/span>         <\/div>     <\/li>             <li>             <div class=\"d pdf-light-viewer-slide\">                 <a href=\"#page\/2\" class=\"page-2 js-page-thumbnail\">                     <img                         src=\"https:\/\/ebooks-creddm.org\/wp-content\/uploads\/pdf-light-viewer\/1790-thumbs\/page-00002-100x76.jpg\"                         alt=\"\"                         \/>                 <\/a>                 <a href=\"#page\/3\" class=\"page-3 js-page-thumbnail\">                     <img                         src=\"https:\/\/ebooks-creddm.org\/wp-content\/uploads\/pdf-light-viewer\/1790-thumbs\/page-00003-100x76.jpg\"                         alt=\"\"                         \/>                 <\/a>                 <span>                                          2-3                                     <\/span>             <\/div>         <\/li>             <li>             <div class=\"d pdf-light-viewer-slide\">                 <a href=\"#page\/4\" class=\"page-4 js-page-thumbnail\">                     <img                         src=\"https:\/\/ebooks-creddm.org\/wp-content\/uploads\/pdf-light-viewer\/1790-thumbs\/page-00004-100x76.jpg\"                         alt=\"\"                         \/>                 <\/a>                 <a href=\"#page\/5\" class=\"page-5 js-page-thumbnail\">                     <img                         src=\"https:\/\/ebooks-creddm.org\/wp-content\/uploads\/pdf-light-viewer\/1790-thumbs\/page-00005-100x76.jpg\"                         alt=\"\"                         \/>                 <\/a>                 <span>                                          4-5                                     <\/span>             <\/div>         <\/li>             <li>             <div class=\"d pdf-light-viewer-slide\">                 <a href=\"#page\/6\" class=\"page-6 js-page-thumbnail\">                     <img                         src=\"https:\/\/ebooks-creddm.org\/wp-content\/uploads\/pdf-light-viewer\/1790-thumbs\/page-00006-100x76.jpg\"                         alt=\"\"                         \/>                 <\/a>                 <a href=\"#page\/7\" class=\"page-7 js-page-thumbnail\">                     <img                         src=\"https:\/\/ebooks-creddm.org\/wp-content\/uploads\/pdf-light-viewer\/1790-thumbs\/page-00007-100x76.jpg\"                         alt=\"\"                         \/>                 <\/a>                 <span>                                          6-7                                     <\/span>             <\/div>         <\/li>             <li>             <div class=\"d pdf-light-viewer-slide\">                 <a href=\"#page\/8\" class=\"page-8 js-page-thumbnail\">                     <img                         src=\"https:\/\/ebooks-creddm.org\/wp-content\/uploads\/pdf-light-viewer\/1790-thumbs\/page-00008-100x76.jpg\"                         alt=\"\"                         \/>                 <\/a>                 <a href=\"#page\/9\" class=\"page-9 js-page-thumbnail\">                     <img                         src=\"https:\/\/ebooks-creddm.org\/wp-content\/uploads\/pdf-light-viewer\/1790-thumbs\/page-00009-100x76.jpg\"                         alt=\"\"                         \/>                 <\/a>                 <span>                                          8-9                                     <\/span>             <\/div>         <\/li>             <li>             <div class=\"d pdf-light-viewer-slide\">                 <a href=\"#page\/10\" class=\"page-10 js-page-thumbnail\">                     <img                         src=\"https:\/\/ebooks-creddm.org\/wp-content\/uploads\/pdf-light-viewer\/1790-thumbs\/page-00010-100x76.jpg\"                         alt=\"\"                         \/>                 <\/a>                 <a href=\"#page\/11\" class=\"page-11 js-page-thumbnail\">                     <img                         src=\"https:\/\/ebooks-creddm.org\/wp-content\/uploads\/pdf-light-viewer\/1790-thumbs\/page-00011-100x76.jpg\"                         alt=\"\"                         \/>                 <\/a>                 <span>                                          10-11                                     <\/span>             <\/div>         <\/li>             <li>             <div class=\"d pdf-light-viewer-slide\">                 <a href=\"#page\/12\" class=\"page-12 js-page-thumbnail\">                     <img                         src=\"https:\/\/ebooks-creddm.org\/wp-content\/uploads\/pdf-light-viewer\/1790-thumbs\/page-00012-100x76.jpg\"                         alt=\"\"                         \/>                 <\/a>                 <a href=\"#page\/13\" class=\"page-13 js-page-thumbnail\">                     <img                         src=\"https:\/\/ebooks-creddm.org\/wp-content\/uploads\/pdf-light-viewer\/1790-thumbs\/page-00013-100x76.jpg\"                         alt=\"\"                         \/>                 <\/a>                 <span>                                          12-13                                     <\/span>             <\/div>         <\/li>          <\/ul> \t\t\t\t<\/div>  \t\t\t<\/div> \t\t \t<\/div>  \n<p><b>T\u00edtulo:\u00a0<\/b>Legisiuris de Macau em Revista<\/p>\n<p><b>CRED-DM:\u00a0<\/b>Centro de Reflex\u00e3o, Estudo e Difus\u00e3o do Direito de Macau &#8211;\u00a0www.creddm.org<\/p>\n<p><b>Funda\u00e7\u00e3o Rui Cunha:\u00a0<\/b>www.ruicunha.org<\/p>\n<p><b>Conselho de Administra\u00e7\u00e3o :\u00a0<\/b>Rui Cunha (presidente);\u00a0Rui Pedro Cunha, Jo\u00e3o Tubal Gon\u00e7alves (vice-presidentes);\u00a0Isabel Cunha e Connie Kong (vogais)<\/p>\n<p><b>Director Executivo:\u00a0<\/b>Filipa Guadalupe (filipa@fundacao-rc.org)<\/p>\n<p><b>Conselho Editorial:\u00a0<\/b>Jorge Godinho,\u00a0Filipa Guadalupe\u00a0 (Editores Executivos)<\/p>\n<p><b>Colaboraram Nesta Edi\u00e7\u00e3o:\u00a0<\/b>Hugo Luz dos Santos; C\u00e2ndida da Silva Antunes Pires, Jo\u00e3o Ant\u00f3nio Valente Torr\u00e3o; Ilda Cristina Ferreira<\/p>\n","protected":false},"excerpt":{"rendered":"<div class=\"entry-summary\">\n<div class=\"entry-summary\">\n<p class=\"p1\">Nesta edi\u00e7\u00e3o, contamos com os contributos da Senhora Professora C\u00e2ndida Pires e do Senhor Procurador Hugo Luz dos Santos na Sec\u00e7\u00e3o de Doutrina.<\/p>\n<p>No que \u00e0 Sec\u00e7\u00e3o de Jurisprud\u00eancia diz respeito, contamos, uma vez mais, com o nosso j\u00e1 colaborador residente, nesta categoria, Senhor Dr. Jo\u00e3o Torr\u00e3o.<\/p>\n<p class=\"p1\">A Sec\u00e7\u00e3o de Legisla\u00e7\u00e3o Comentada \u00e9, neste n\u00famero, preenchida por um artigo de Ilda Cristina Ferreira.<\/p>\n<\/div>\n<\/div>\n","protected":false},"featured_media":1773,"comment_status":"open","ping_status":"closed","template":"","meta":[],"product_cat":[16,129,37,22],"product_tag":[164],"_links":{"self":[{"href":"https:\/\/ebooks-creddm.org\/index.php?rest_route=\/wp\/v2\/product\/1784"}],"collection":[{"href":"https:\/\/ebooks-creddm.org\/index.php?rest_route=\/wp\/v2\/product"}],"about":[{"href":"https:\/\/ebooks-creddm.org\/index.php?rest_route=\/wp\/v2\/types\/product"}],"replies":[{"embeddable":true,"href":"https:\/\/ebooks-creddm.org\/index.php?rest_route=%2Fwp%2Fv2%2Fcomments&post=1784"}],"wp:featuredmedia":[{"embeddable":true,"href":"https:\/\/ebooks-creddm.org\/index.php?rest_route=\/wp\/v2\/media\/1773"}],"wp:attachment":[{"href":"https:\/\/ebooks-creddm.org\/index.php?rest_route=%2Fwp%2Fv2%2Fmedia&parent=1784"}],"wp:term":[{"taxonomy":"product_cat","embeddable":true,"href":"https:\/\/ebooks-creddm.org\/index.php?rest_route=%2Fwp%2Fv2%2Fproduct_cat&post=1784"},{"taxonomy":"product_tag","embeddable":true,"href":"https:\/\/ebooks-creddm.org\/index.php?rest_route=%2Fwp%2Fv2%2Fproduct_tag&post=1784"}],"curies":[{"name":"wp","href":"https:\/\/api.w.org\/{rel}","templated":true}]}}