{"id":312,"date":"2014-03-23T07:45:26","date_gmt":"2014-03-23T07:45:26","guid":{"rendered":"http:\/\/ebooks-creddm.org\/?post_type=product&#038;p=312"},"modified":"2019-09-19T08:33:04","modified_gmt":"2019-09-19T08:33:04","slug":"legisiuris-de-macau-em-revista-no-3","status":"publish","type":"product","link":"https:\/\/ebooks-creddm.org\/?product=legisiuris-de-macau-em-revista-no-3","title":{"rendered":"Legisiuris de Macau em Revista, N\u00ba 3"},"content":{"rendered":"  \t<div class=\"pdf-light-viewer js-pdf-light-viewer pdf-light-viewer--theme-light\" \t\tdata-enable-zoom=\"1\"         data-zoom-magnify=\"1\">  \t\t \t\t<div class=\"pdf-light-viewer-magazine-viewport js-pdf-light-viewer-magazine-viewport with-nav-bottom\">  \t\t\t\t\t\t\t<ul class=\"pdf-light-viewer-features-top-panel\"> \t\t\t\t\t      <li>         <a title=\"Fullscreen\" href=\"#!\" class=\"js-pdf-light-viewer-fullscreen\">             <i class=\"icons slicon-size-fullscreen\"><\/i>             <i class=\"icons slicon-size-actual initially-hidden\"><\/i>         <\/a>     <\/li>      <li>         <a class=\"js-pdf-light-viewer-toggle-zoom\" href=\"#!\" title=\"Zoom enabled\">             <i class=\"icons slicon-frame\"><\/i>         <\/a>     <\/li>    \t\t\t\t<\/ul> \t\t\t \t\t\t<div class=\"pdf-light-viewer-magazine-viewport-container\"> \t\t\t\t<div class=\"js-pdf-light-viewer-magazine pdf-light-viewer-magazine\"                     data-max-book-width=\"0\"                     data-max-book-height=\"0\"                     data-limit-fullscreen-book-height=\"0\" \t\t\t\t\tdata-width=\"597\" \t\t\t\t\tdata-height=\"839\" \t\t\t\t\tdata-pages-count=\"10\" \t\t\t\t\tdata-page-layout=\"adaptive\"                     data-download-page-format=\"jpg\"                     data-theme=\"\"                     data-disable-images-preloading=\"0\"> \t\t\t\t\t\t\t\t\t\t\t<div style=\"background-image:url('https:\/\/ebooks-creddm.org\/wp-content\/plugins\/pdf-light-viewer\/resources\/assets\/img\/lightpaperfibers.png');\"> \t\t\t\t\t\t\t<div class=\"gradient\"><\/div>                                                             <img \t\t\t\t\t\t\t\t\tclass=\"js-pdf-light-viewer-lazy-loading js-pdf-light-viewer-lazy-loading-1 initially-hidden\" \t\t\t\t\t\t\t\t\tsrc=\"https:\/\/ebooks-creddm.org\/wp-content\/plugins\/pdf-light-viewer\/resources\/assets\/img\/lightpaperfibers.png\" \t\t\t\t\t\t\t\t\tdata-original=\"https:\/\/ebooks-creddm.org\/wp-content\/uploads\/pdf-light-viewer\/2035\/page-00001.jpg\" \t\t\t\t\t\t\t\t\twidth=\"100%\" \t\t\t\t\t\t\t\t\theight=\"100%\" \t\t\t\t\t\t\t\t\t\/>                             \t\t\t\t\t\t<\/div> \t\t\t\t\t\t\t\t\t\t\t<div style=\"background-image:url('https:\/\/ebooks-creddm.org\/wp-content\/plugins\/pdf-light-viewer\/resources\/assets\/img\/lightpaperfibers.png');\"> \t\t\t\t\t\t\t<div class=\"gradient\"><\/div>                                                             <img \t\t\t\t\t\t\t\t\tclass=\"js-pdf-light-viewer-lazy-loading js-pdf-light-viewer-lazy-loading-2 initially-hidden\" \t\t\t\t\t\t\t\t\tsrc=\"https:\/\/ebooks-creddm.org\/wp-content\/plugins\/pdf-light-viewer\/resources\/assets\/img\/lightpaperfibers.png\" \t\t\t\t\t\t\t\t\tdata-original=\"https:\/\/ebooks-creddm.org\/wp-content\/uploads\/pdf-light-viewer\/2035\/page-00002.jpg\" \t\t\t\t\t\t\t\t\twidth=\"100%\" \t\t\t\t\t\t\t\t\theight=\"100%\" \t\t\t\t\t\t\t\t\t\/>                             \t\t\t\t\t\t<\/div> \t\t\t\t\t\t\t\t\t\t\t<div style=\"background-image:url('https:\/\/ebooks-creddm.org\/wp-content\/plugins\/pdf-light-viewer\/resources\/assets\/img\/lightpaperfibers.png');\"> \t\t\t\t\t\t\t<div class=\"gradient\"><\/div>                                                             <img \t\t\t\t\t\t\t\t\tclass=\"js-pdf-light-viewer-lazy-loading js-pdf-light-viewer-lazy-loading-3 initially-hidden\" \t\t\t\t\t\t\t\t\tsrc=\"https:\/\/ebooks-creddm.org\/wp-content\/plugins\/pdf-light-viewer\/resources\/assets\/img\/lightpaperfibers.png\" \t\t\t\t\t\t\t\t\tdata-original=\"https:\/\/ebooks-creddm.org\/wp-content\/uploads\/pdf-light-viewer\/2035\/page-00003.jpg\" \t\t\t\t\t\t\t\t\twidth=\"100%\" \t\t\t\t\t\t\t\t\theight=\"100%\" \t\t\t\t\t\t\t\t\t\/>                             \t\t\t\t\t\t<\/div> \t\t\t\t\t\t\t\t\t\t\t<div style=\"background-image:url('https:\/\/ebooks-creddm.org\/wp-content\/plugins\/pdf-light-viewer\/resources\/assets\/img\/lightpaperfibers.png');\"> \t\t\t\t\t\t\t<div class=\"gradient\"><\/div>                                                             <img \t\t\t\t\t\t\t\t\tclass=\"js-pdf-light-viewer-lazy-loading js-pdf-light-viewer-lazy-loading-4 initially-hidden\" \t\t\t\t\t\t\t\t\tsrc=\"https:\/\/ebooks-creddm.org\/wp-content\/plugins\/pdf-light-viewer\/resources\/assets\/img\/lightpaperfibers.png\" \t\t\t\t\t\t\t\t\tdata-original=\"https:\/\/ebooks-creddm.org\/wp-content\/uploads\/pdf-light-viewer\/2035\/page-00004.jpg\" \t\t\t\t\t\t\t\t\twidth=\"100%\" \t\t\t\t\t\t\t\t\theight=\"100%\" \t\t\t\t\t\t\t\t\t\/>                             \t\t\t\t\t\t<\/div> \t\t\t\t\t\t\t\t\t\t\t<div style=\"background-image:url('https:\/\/ebooks-creddm.org\/wp-content\/plugins\/pdf-light-viewer\/resources\/assets\/img\/lightpaperfibers.png');\"> \t\t\t\t\t\t\t<div class=\"gradient\"><\/div>                                                             <img \t\t\t\t\t\t\t\t\tclass=\"js-pdf-light-viewer-lazy-loading js-pdf-light-viewer-lazy-loading-5 initially-hidden\" \t\t\t\t\t\t\t\t\tsrc=\"https:\/\/ebooks-creddm.org\/wp-content\/plugins\/pdf-light-viewer\/resources\/assets\/img\/lightpaperfibers.png\" \t\t\t\t\t\t\t\t\tdata-original=\"https:\/\/ebooks-creddm.org\/wp-content\/uploads\/pdf-light-viewer\/2035\/page-00005.jpg\" \t\t\t\t\t\t\t\t\twidth=\"100%\" \t\t\t\t\t\t\t\t\theight=\"100%\" \t\t\t\t\t\t\t\t\t\/>                             \t\t\t\t\t\t<\/div> \t\t\t\t\t\t\t\t\t\t\t<div style=\"background-image:url('https:\/\/ebooks-creddm.org\/wp-content\/plugins\/pdf-light-viewer\/resources\/assets\/img\/lightpaperfibers.png');\"> \t\t\t\t\t\t\t<div class=\"gradient\"><\/div>                                                             <img \t\t\t\t\t\t\t\t\tclass=\"js-pdf-light-viewer-lazy-loading js-pdf-light-viewer-lazy-loading-6 initially-hidden\" \t\t\t\t\t\t\t\t\tsrc=\"https:\/\/ebooks-creddm.org\/wp-content\/plugins\/pdf-light-viewer\/resources\/assets\/img\/lightpaperfibers.png\" \t\t\t\t\t\t\t\t\tdata-original=\"https:\/\/ebooks-creddm.org\/wp-content\/uploads\/pdf-light-viewer\/2035\/page-00006.jpg\" \t\t\t\t\t\t\t\t\twidth=\"100%\" \t\t\t\t\t\t\t\t\theight=\"100%\" \t\t\t\t\t\t\t\t\t\/>                             \t\t\t\t\t\t<\/div> \t\t\t\t\t\t\t\t\t\t\t<div style=\"background-image:url('https:\/\/ebooks-creddm.org\/wp-content\/plugins\/pdf-light-viewer\/resources\/assets\/img\/lightpaperfibers.png');\"> \t\t\t\t\t\t\t<div class=\"gradient\"><\/div>                                                             <img \t\t\t\t\t\t\t\t\tclass=\"js-pdf-light-viewer-lazy-loading js-pdf-light-viewer-lazy-loading-7 initially-hidden\" \t\t\t\t\t\t\t\t\tsrc=\"https:\/\/ebooks-creddm.org\/wp-content\/plugins\/pdf-light-viewer\/resources\/assets\/img\/lightpaperfibers.png\" \t\t\t\t\t\t\t\t\tdata-original=\"https:\/\/ebooks-creddm.org\/wp-content\/uploads\/pdf-light-viewer\/2035\/page-00007.jpg\" \t\t\t\t\t\t\t\t\twidth=\"100%\" \t\t\t\t\t\t\t\t\theight=\"100%\" \t\t\t\t\t\t\t\t\t\/>                             \t\t\t\t\t\t<\/div> \t\t\t\t\t\t\t\t\t\t\t<div style=\"background-image:url('https:\/\/ebooks-creddm.org\/wp-content\/plugins\/pdf-light-viewer\/resources\/assets\/img\/lightpaperfibers.png');\"> \t\t\t\t\t\t\t<div class=\"gradient\"><\/div>                                                             <img \t\t\t\t\t\t\t\t\tclass=\"js-pdf-light-viewer-lazy-loading js-pdf-light-viewer-lazy-loading-8 initially-hidden\" \t\t\t\t\t\t\t\t\tsrc=\"https:\/\/ebooks-creddm.org\/wp-content\/plugins\/pdf-light-viewer\/resources\/assets\/img\/lightpaperfibers.png\" \t\t\t\t\t\t\t\t\tdata-original=\"https:\/\/ebooks-creddm.org\/wp-content\/uploads\/pdf-light-viewer\/2035\/page-00008.jpg\" \t\t\t\t\t\t\t\t\twidth=\"100%\" \t\t\t\t\t\t\t\t\theight=\"100%\" \t\t\t\t\t\t\t\t\t\/>                             \t\t\t\t\t\t<\/div> \t\t\t\t\t\t\t\t\t\t\t<div style=\"background-image:url('https:\/\/ebooks-creddm.org\/wp-content\/plugins\/pdf-light-viewer\/resources\/assets\/img\/lightpaperfibers.png');\"> \t\t\t\t\t\t\t<div class=\"gradient\"><\/div>                                                             <img \t\t\t\t\t\t\t\t\tclass=\"js-pdf-light-viewer-lazy-loading js-pdf-light-viewer-lazy-loading-9 initially-hidden\" \t\t\t\t\t\t\t\t\tsrc=\"https:\/\/ebooks-creddm.org\/wp-content\/plugins\/pdf-light-viewer\/resources\/assets\/img\/lightpaperfibers.png\" \t\t\t\t\t\t\t\t\tdata-original=\"https:\/\/ebooks-creddm.org\/wp-content\/uploads\/pdf-light-viewer\/2035\/page-00009.jpg\" \t\t\t\t\t\t\t\t\twidth=\"100%\" \t\t\t\t\t\t\t\t\theight=\"100%\" \t\t\t\t\t\t\t\t\t\/>                             \t\t\t\t\t\t<\/div> \t\t\t\t\t\t\t\t\t\t\t<div style=\"background-image:url('https:\/\/ebooks-creddm.org\/wp-content\/plugins\/pdf-light-viewer\/resources\/assets\/img\/lightpaperfibers.png');\"> \t\t\t\t\t\t\t<div class=\"gradient\"><\/div>                                                             <img \t\t\t\t\t\t\t\t\tclass=\"js-pdf-light-viewer-lazy-loading js-pdf-light-viewer-lazy-loading-10 initially-hidden\" \t\t\t\t\t\t\t\t\tsrc=\"https:\/\/ebooks-creddm.org\/wp-content\/plugins\/pdf-light-viewer\/resources\/assets\/img\/lightpaperfibers.png\" \t\t\t\t\t\t\t\t\tdata-original=\"https:\/\/ebooks-creddm.org\/wp-content\/uploads\/pdf-light-viewer\/2035\/page-00010.jpg\" \t\t\t\t\t\t\t\t\twidth=\"100%\" \t\t\t\t\t\t\t\t\theight=\"100%\" \t\t\t\t\t\t\t\t\t\/>                             \t\t\t\t\t\t<\/div> \t\t\t\t\t\t\t\t\t<\/div> \t\t\t<\/div> \t\t<\/div>  \t\t<!-- Thumbnails --> \t\t\t\t\t<div class=\"pdf-light-viewer-magazine-thumbnails js-pdf-light-viewer-magazine-thumbnails\">  \t\t\t\t<div class=\"pdf-light-viewer-features-bottom-panel\"> \t\t\t\t\t<ul>     <li>         <div class=\"i pdf-light-viewer-slide\">             <a href=\"#page\/1\" class=\"page-1 js-page-thumbnail\">                 <img                     src=\"https:\/\/ebooks-creddm.org\/wp-content\/uploads\/pdf-light-viewer\/2035-thumbs\/page-00001-100x76.jpg\"                     alt=\"\"                     \/>             <\/a>             <span>                 1                             <\/span>         <\/div>     <\/li>             <li>             <div class=\"d pdf-light-viewer-slide\">                 <a href=\"#page\/2\" class=\"page-2 js-page-thumbnail\">                     <img                         src=\"https:\/\/ebooks-creddm.org\/wp-content\/uploads\/pdf-light-viewer\/2035-thumbs\/page-00002-100x76.jpg\"                         alt=\"\"                         \/>                 <\/a>                 <a href=\"#page\/3\" class=\"page-3 js-page-thumbnail\">                     <img                         src=\"https:\/\/ebooks-creddm.org\/wp-content\/uploads\/pdf-light-viewer\/2035-thumbs\/page-00003-100x76.jpg\"                         alt=\"\"                         \/>                 <\/a>                 <span>                                          2-3                                     <\/span>             <\/div>         <\/li>             <li>             <div class=\"d pdf-light-viewer-slide\">                 <a href=\"#page\/4\" class=\"page-4 js-page-thumbnail\">                     <img                         src=\"https:\/\/ebooks-creddm.org\/wp-content\/uploads\/pdf-light-viewer\/2035-thumbs\/page-00004-100x76.jpg\"                         alt=\"\"                         \/>                 <\/a>                 <a href=\"#page\/5\" class=\"page-5 js-page-thumbnail\">                     <img                         src=\"https:\/\/ebooks-creddm.org\/wp-content\/uploads\/pdf-light-viewer\/2035-thumbs\/page-00005-100x76.jpg\"                         alt=\"\"                         \/>                 <\/a>                 <span>                                          4-5                                     <\/span>             <\/div>         <\/li>             <li>             <div class=\"d pdf-light-viewer-slide\">                 <a href=\"#page\/6\" class=\"page-6 js-page-thumbnail\">                     <img                         src=\"https:\/\/ebooks-creddm.org\/wp-content\/uploads\/pdf-light-viewer\/2035-thumbs\/page-00006-100x76.jpg\"                         alt=\"\"                         \/>                 <\/a>                 <a href=\"#page\/7\" class=\"page-7 js-page-thumbnail\">                     <img                         src=\"https:\/\/ebooks-creddm.org\/wp-content\/uploads\/pdf-light-viewer\/2035-thumbs\/page-00007-100x76.jpg\"                         alt=\"\"                         \/>                 <\/a>                 <span>                                          6-7                                     <\/span>             <\/div>         <\/li>             <li>             <div class=\"d pdf-light-viewer-slide\">                 <a href=\"#page\/8\" class=\"page-8 js-page-thumbnail\">                     <img                         src=\"https:\/\/ebooks-creddm.org\/wp-content\/uploads\/pdf-light-viewer\/2035-thumbs\/page-00008-100x76.jpg\"                         alt=\"\"                         \/>                 <\/a>                 <a href=\"#page\/9\" class=\"page-9 js-page-thumbnail\">                     <img                         src=\"https:\/\/ebooks-creddm.org\/wp-content\/uploads\/pdf-light-viewer\/2035-thumbs\/page-00009-100x76.jpg\"                         alt=\"\"                         \/>                 <\/a>                 <span>                                          8-9                                     <\/span>             <\/div>         <\/li>                  <li>             <div class=\"i pdf-light-viewer-slide\">                 <a href=\"#page\/10\" class=\"page-10 js-page-thumbnail\">                     <img                         src=\"https:\/\/ebooks-creddm.org\/wp-content\/uploads\/pdf-light-viewer\/2035-thumbs\/page-00010-100x76.jpg\"                         alt=\"\"                         \/>                 <\/a>                 <span>                     10                                    <\/span>             <\/div>         <\/li>     <\/ul> \t\t\t\t<\/div>  \t\t\t<\/div> \t\t \t<\/div>  \n<p><strong>T\u00edtulo<\/strong><br \/>\nLegisiuris de Macau em Revista\u00a0N\u00ba3<\/p>\n<p><strong>CRED-DM\u00a0<\/strong>Centro de Reflex\u00e3o, Estudo e Difus\u00e3o do Direito de Macau,\u00a0www.creddm.org<br \/>\nFunda\u00e7\u00e3o Rui Cunha &#8211;\u00a0www.ruicunha.org<\/p>\n<p><strong>Conselho de Administra\u00e7\u00e3o:\u00a0<\/strong>Rui Cunha (presidente); Rui Pedro Cunha, Jo\u00e3o Tubal Gon\u00e7alves (vice-presidentes); Isabel Cunha e Connie Kong (vogais)<br \/>\n<strong>Director Executivo:\u00a0<\/strong>Filipa Guadalupe (filipa@fundacao-rc.org)<br \/>\n<strong>Conselho Editorial:\u00a0<\/strong>Jorge Godinho, Filipa Guadalupe (Editores Executivos)<br \/>\n<strong>Colaboraram Nesta Edi\u00e7\u00e3o:\u00a0<\/strong>Li Zhe, Lin Haitong; Miguel Lucas Pires; Ricardo Seabra Moura, Lei Chong Heng; Ant\u00f3nio Santos<\/p>\n<p><strong>Tradu\u00e7\u00e3o:\u00a0<\/strong>Zhen Yishu e Cristiano Cheong<br \/>\n<strong>Design:\u00a0<\/strong>FRC design.com, Carlos Canhita, C\u00e9lia Br\u00e1s<\/p>\n","protected":false},"excerpt":{"rendered":"<div class=\"entry-summary\">\n<div class=\"entry-summary\">\nO CRED-DM \u2013 Centro de Reflex\u00e3o, Estudo, e Difus\u00e3o do Direito de Macau, apresenta n.3 da Revista\u00a0Legisiuris de Macau em Revista.<br \/>\nNeste n\u00famero, primeiro do Ano de 2014, cont\u00e1mos com a valiosa colabora\u00e7\u00e3o de profissionais\u00a0forenses e acad\u00e9micos quer locais, quer internacionais.<\/p>\n<p>&nbsp;\n<\/p>\n<\/div>\n<\/div>\n","protected":false},"featured_media":433,"comment_status":"open","ping_status":"closed","template":"","meta":[],"product_cat":[129,22],"product_tag":[164,165],"_links":{"self":[{"href":"https:\/\/ebooks-creddm.org\/index.php?rest_route=\/wp\/v2\/product\/312"}],"collection":[{"href":"https:\/\/ebooks-creddm.org\/index.php?rest_route=\/wp\/v2\/product"}],"about":[{"href":"https:\/\/ebooks-creddm.org\/index.php?rest_route=\/wp\/v2\/types\/product"}],"replies":[{"embeddable":true,"href":"https:\/\/ebooks-creddm.org\/index.php?rest_route=%2Fwp%2Fv2%2Fcomments&post=312"}],"wp:featuredmedia":[{"embeddable":true,"href":"https:\/\/ebooks-creddm.org\/index.php?rest_route=\/wp\/v2\/media\/433"}],"wp:attachment":[{"href":"https:\/\/ebooks-creddm.org\/index.php?rest_route=%2Fwp%2Fv2%2Fmedia&parent=312"}],"wp:term":[{"taxonomy":"product_cat","embeddable":true,"href":"https:\/\/ebooks-creddm.org\/index.php?rest_route=%2Fwp%2Fv2%2Fproduct_cat&post=312"},{"taxonomy":"product_tag","embeddable":true,"href":"https:\/\/ebooks-creddm.org\/index.php?rest_route=%2Fwp%2Fv2%2Fproduct_tag&post=312"}],"curies":[{"name":"wp","href":"https:\/\/api.w.org\/{rel}","templated":true}]}}