{"id":325,"date":"2013-11-23T08:11:58","date_gmt":"2013-11-23T08:11:58","guid":{"rendered":"http:\/\/ebooks-creddm.org\/?post_type=product&#038;p=325"},"modified":"2022-01-17T08:34:26","modified_gmt":"2022-01-17T08:34:26","slug":"legisiuris-de-macau-em-revista-no2","status":"publish","type":"product","link":"https:\/\/ebooks-creddm.org\/?product=legisiuris-de-macau-em-revista-no2","title":{"rendered":"Legisiuris de Macau em Revista, N\u00ba2"},"content":{"rendered":"  \t<div class=\"pdf-light-viewer js-pdf-light-viewer pdf-light-viewer--theme-light\" \t\tdata-enable-zoom=\"1\"         data-zoom-magnify=\"1\">  \t\t \t\t<div class=\"pdf-light-viewer-magazine-viewport js-pdf-light-viewer-magazine-viewport with-nav-bottom\">  \t\t\t\t\t\t\t<ul class=\"pdf-light-viewer-features-top-panel\"> \t\t\t\t\t      <li>         <a title=\"Fullscreen\" href=\"#!\" class=\"js-pdf-light-viewer-fullscreen\">             <i class=\"icons slicon-size-fullscreen\"><\/i>             <i class=\"icons slicon-size-actual initially-hidden\"><\/i>         <\/a>     <\/li>      <li>         <a class=\"js-pdf-light-viewer-toggle-zoom\" href=\"#!\" title=\"Zoom enabled\">             <i class=\"icons slicon-frame\"><\/i>         <\/a>     <\/li>    \t\t\t\t<\/ul> \t\t\t \t\t\t<div class=\"pdf-light-viewer-magazine-viewport-container\"> \t\t\t\t<div class=\"js-pdf-light-viewer-magazine pdf-light-viewer-magazine\"                     data-max-book-width=\"0\"                     data-max-book-height=\"0\"                     data-limit-fullscreen-book-height=\"0\" \t\t\t\t\tdata-width=\"595\" \t\t\t\t\tdata-height=\"842\" \t\t\t\t\tdata-pages-count=\"7\" \t\t\t\t\tdata-page-layout=\"adaptive\"                     data-download-page-format=\"jpg\"                     data-theme=\"\"                     data-disable-images-preloading=\"0\"> \t\t\t\t\t\t\t\t\t\t\t<div style=\"background-image:url('https:\/\/ebooks-creddm.org\/wp-content\/plugins\/pdf-light-viewer\/resources\/assets\/img\/lightpaperfibers.png');\"> \t\t\t\t\t\t\t<div class=\"gradient\"><\/div>                                                             <img \t\t\t\t\t\t\t\t\tclass=\"js-pdf-light-viewer-lazy-loading js-pdf-light-viewer-lazy-loading-1 initially-hidden\" \t\t\t\t\t\t\t\t\tsrc=\"https:\/\/ebooks-creddm.org\/wp-content\/plugins\/pdf-light-viewer\/resources\/assets\/img\/lightpaperfibers.png\" \t\t\t\t\t\t\t\t\tdata-original=\"https:\/\/ebooks-creddm.org\/wp-content\/uploads\/pdf-light-viewer\/2022\/page-00001.jpg\" \t\t\t\t\t\t\t\t\twidth=\"100%\" \t\t\t\t\t\t\t\t\theight=\"100%\" \t\t\t\t\t\t\t\t\t\/>                             \t\t\t\t\t\t<\/div> \t\t\t\t\t\t\t\t\t\t\t<div style=\"background-image:url('https:\/\/ebooks-creddm.org\/wp-content\/plugins\/pdf-light-viewer\/resources\/assets\/img\/lightpaperfibers.png');\"> \t\t\t\t\t\t\t<div class=\"gradient\"><\/div>                                                             <img \t\t\t\t\t\t\t\t\tclass=\"js-pdf-light-viewer-lazy-loading js-pdf-light-viewer-lazy-loading-2 initially-hidden\" \t\t\t\t\t\t\t\t\tsrc=\"https:\/\/ebooks-creddm.org\/wp-content\/plugins\/pdf-light-viewer\/resources\/assets\/img\/lightpaperfibers.png\" \t\t\t\t\t\t\t\t\tdata-original=\"https:\/\/ebooks-creddm.org\/wp-content\/uploads\/pdf-light-viewer\/2022\/page-00002.jpg\" \t\t\t\t\t\t\t\t\twidth=\"100%\" \t\t\t\t\t\t\t\t\theight=\"100%\" \t\t\t\t\t\t\t\t\t\/>                             \t\t\t\t\t\t<\/div> \t\t\t\t\t\t\t\t\t\t\t<div style=\"background-image:url('https:\/\/ebooks-creddm.org\/wp-content\/plugins\/pdf-light-viewer\/resources\/assets\/img\/lightpaperfibers.png');\"> \t\t\t\t\t\t\t<div class=\"gradient\"><\/div>                                                             <img \t\t\t\t\t\t\t\t\tclass=\"js-pdf-light-viewer-lazy-loading js-pdf-light-viewer-lazy-loading-3 initially-hidden\" \t\t\t\t\t\t\t\t\tsrc=\"https:\/\/ebooks-creddm.org\/wp-content\/plugins\/pdf-light-viewer\/resources\/assets\/img\/lightpaperfibers.png\" \t\t\t\t\t\t\t\t\tdata-original=\"https:\/\/ebooks-creddm.org\/wp-content\/uploads\/pdf-light-viewer\/2022\/page-00003.jpg\" \t\t\t\t\t\t\t\t\twidth=\"100%\" \t\t\t\t\t\t\t\t\theight=\"100%\" \t\t\t\t\t\t\t\t\t\/>                             \t\t\t\t\t\t<\/div> \t\t\t\t\t\t\t\t\t\t\t<div style=\"background-image:url('https:\/\/ebooks-creddm.org\/wp-content\/plugins\/pdf-light-viewer\/resources\/assets\/img\/lightpaperfibers.png');\"> \t\t\t\t\t\t\t<div class=\"gradient\"><\/div>                                                             <img \t\t\t\t\t\t\t\t\tclass=\"js-pdf-light-viewer-lazy-loading js-pdf-light-viewer-lazy-loading-4 initially-hidden\" \t\t\t\t\t\t\t\t\tsrc=\"https:\/\/ebooks-creddm.org\/wp-content\/plugins\/pdf-light-viewer\/resources\/assets\/img\/lightpaperfibers.png\" \t\t\t\t\t\t\t\t\tdata-original=\"https:\/\/ebooks-creddm.org\/wp-content\/uploads\/pdf-light-viewer\/2022\/page-00004.jpg\" \t\t\t\t\t\t\t\t\twidth=\"100%\" \t\t\t\t\t\t\t\t\theight=\"100%\" \t\t\t\t\t\t\t\t\t\/>                             \t\t\t\t\t\t<\/div> \t\t\t\t\t\t\t\t\t\t\t<div style=\"background-image:url('https:\/\/ebooks-creddm.org\/wp-content\/plugins\/pdf-light-viewer\/resources\/assets\/img\/lightpaperfibers.png');\"> \t\t\t\t\t\t\t<div class=\"gradient\"><\/div>                                                             <img \t\t\t\t\t\t\t\t\tclass=\"js-pdf-light-viewer-lazy-loading js-pdf-light-viewer-lazy-loading-5 initially-hidden\" \t\t\t\t\t\t\t\t\tsrc=\"https:\/\/ebooks-creddm.org\/wp-content\/plugins\/pdf-light-viewer\/resources\/assets\/img\/lightpaperfibers.png\" \t\t\t\t\t\t\t\t\tdata-original=\"https:\/\/ebooks-creddm.org\/wp-content\/uploads\/pdf-light-viewer\/2022\/page-00005.jpg\" \t\t\t\t\t\t\t\t\twidth=\"100%\" \t\t\t\t\t\t\t\t\theight=\"100%\" \t\t\t\t\t\t\t\t\t\/>                             \t\t\t\t\t\t<\/div> \t\t\t\t\t\t\t\t\t\t\t<div style=\"background-image:url('https:\/\/ebooks-creddm.org\/wp-content\/plugins\/pdf-light-viewer\/resources\/assets\/img\/lightpaperfibers.png');\"> \t\t\t\t\t\t\t<div class=\"gradient\"><\/div>                                                             <img \t\t\t\t\t\t\t\t\tclass=\"js-pdf-light-viewer-lazy-loading js-pdf-light-viewer-lazy-loading-6 initially-hidden\" \t\t\t\t\t\t\t\t\tsrc=\"https:\/\/ebooks-creddm.org\/wp-content\/plugins\/pdf-light-viewer\/resources\/assets\/img\/lightpaperfibers.png\" \t\t\t\t\t\t\t\t\tdata-original=\"https:\/\/ebooks-creddm.org\/wp-content\/uploads\/pdf-light-viewer\/2022\/page-00006.jpg\" \t\t\t\t\t\t\t\t\twidth=\"100%\" \t\t\t\t\t\t\t\t\theight=\"100%\" \t\t\t\t\t\t\t\t\t\/>                             \t\t\t\t\t\t<\/div> \t\t\t\t\t\t\t\t\t\t\t<div style=\"background-image:url('https:\/\/ebooks-creddm.org\/wp-content\/plugins\/pdf-light-viewer\/resources\/assets\/img\/lightpaperfibers.png');\"> \t\t\t\t\t\t\t<div class=\"gradient\"><\/div>                                                             <img \t\t\t\t\t\t\t\t\tclass=\"js-pdf-light-viewer-lazy-loading js-pdf-light-viewer-lazy-loading-7 initially-hidden\" \t\t\t\t\t\t\t\t\tsrc=\"https:\/\/ebooks-creddm.org\/wp-content\/plugins\/pdf-light-viewer\/resources\/assets\/img\/lightpaperfibers.png\" \t\t\t\t\t\t\t\t\tdata-original=\"https:\/\/ebooks-creddm.org\/wp-content\/uploads\/pdf-light-viewer\/2022\/page-00007.jpg\" \t\t\t\t\t\t\t\t\twidth=\"100%\" \t\t\t\t\t\t\t\t\theight=\"100%\" \t\t\t\t\t\t\t\t\t\/>                             \t\t\t\t\t\t<\/div> \t\t\t\t\t\t\t\t\t<\/div> \t\t\t<\/div> \t\t<\/div>  \t\t<!-- Thumbnails --> \t\t\t\t\t<div class=\"pdf-light-viewer-magazine-thumbnails js-pdf-light-viewer-magazine-thumbnails\">  \t\t\t\t<div class=\"pdf-light-viewer-features-bottom-panel\"> \t\t\t\t\t<ul>     <li>         <div class=\"i pdf-light-viewer-slide\">             <a href=\"#page\/1\" class=\"page-1 js-page-thumbnail\">                 <img                     src=\"https:\/\/ebooks-creddm.org\/wp-content\/uploads\/pdf-light-viewer\/2022-thumbs\/page-00001-100x76.jpg\"                     alt=\"\"                     \/>             <\/a>             <span>                 1                             <\/span>         <\/div>     <\/li>             <li>             <div class=\"d pdf-light-viewer-slide\">                 <a href=\"#page\/2\" class=\"page-2 js-page-thumbnail\">                     <img                         src=\"https:\/\/ebooks-creddm.org\/wp-content\/uploads\/pdf-light-viewer\/2022-thumbs\/page-00002-100x76.jpg\"                         alt=\"\"                         \/>                 <\/a>                 <a href=\"#page\/3\" class=\"page-3 js-page-thumbnail\">                     <img                         src=\"https:\/\/ebooks-creddm.org\/wp-content\/uploads\/pdf-light-viewer\/2022-thumbs\/page-00003-100x76.jpg\"                         alt=\"\"                         \/>                 <\/a>                 <span>                                          2-3                                     <\/span>             <\/div>         <\/li>             <li>             <div class=\"d pdf-light-viewer-slide\">                 <a href=\"#page\/4\" class=\"page-4 js-page-thumbnail\">                     <img                         src=\"https:\/\/ebooks-creddm.org\/wp-content\/uploads\/pdf-light-viewer\/2022-thumbs\/page-00004-100x76.jpg\"                         alt=\"\"                         \/>                 <\/a>                 <a href=\"#page\/5\" class=\"page-5 js-page-thumbnail\">                     <img                         src=\"https:\/\/ebooks-creddm.org\/wp-content\/uploads\/pdf-light-viewer\/2022-thumbs\/page-00005-100x76.jpg\"                         alt=\"\"                         \/>                 <\/a>                 <span>                                          4-5                                     <\/span>             <\/div>         <\/li>             <li>             <div class=\"d pdf-light-viewer-slide\">                 <a href=\"#page\/6\" class=\"page-6 js-page-thumbnail\">                     <img                         src=\"https:\/\/ebooks-creddm.org\/wp-content\/uploads\/pdf-light-viewer\/2022-thumbs\/page-00006-100x76.jpg\"                         alt=\"\"                         \/>                 <\/a>                 <a href=\"#page\/7\" class=\"page-7 js-page-thumbnail\">                     <img                         src=\"https:\/\/ebooks-creddm.org\/wp-content\/uploads\/pdf-light-viewer\/2022-thumbs\/page-00007-100x76.jpg\"                         alt=\"\"                         \/>                 <\/a>                 <span>                                          6-7                                     <\/span>             <\/div>         <\/li>          <\/ul> \t\t\t\t<\/div>  \t\t\t<\/div> \t\t \t<\/div>  \n<p><strong>T\u00edtulo &#8211;\u00a0<\/strong>Legisiuris de Macau em Revista<\/p>\n<p><strong>CRED-DM &#8211;\u00a0<\/strong>Centro de Reflex\u00e3o, Estudo e Difus\u00e3o do Direito de Macau,\u00a0<strong>www.creddm.org<\/strong><\/p>\n<p>Funda\u00e7\u00e3o Rui Cunha &#8211;\u00a0www.ruicunha.org<\/p>\n<p><strong>Conselho de Administra\u00e7\u00e3o:\u00a0<\/strong>Rui Cunha (presidente); Rui Pedro Cunha, Jo\u00e3o Tubal Gon\u00e7alves (vice-presidentes); Isabel Cunha e Connie Kong (vogais)<\/p>\n<p><strong>Director Executivo<\/strong> &#8211;\u00a0Filipa Guadalupe (filipa@fundacao-rc.org)<\/p>\n<p><strong>Conselho Editorial<\/strong> &#8211;\u00a0Jorge Godinho,\u00a0Filipa Guadalupe (Editores Executivos)<\/p>\n<p><strong>Colaboraram Nesta Edi\u00e7\u00e3o<\/strong> &#8211; Jorge Godinho, Vicente Monteiro,\u00a0Duarte Santos, In\u00eas Pires Marinho<\/p>\n","protected":false},"excerpt":{"rendered":"<div class=\"entry-summary\">\n<div class=\"entry-summary\">\n\u00c9 com muita satisfa\u00e7\u00e3o, que a Funda\u00e7\u00e3o Rui Cunha e o CRED-DM \u2013 Centro de Reflex\u00e3o,\u00a0Estudo, e Difus\u00e3o do Direito de Macau, levam a toda a comunidade jur\u00eddica, o segundo n\u00famero da\u00a0Revista Jur\u00eddica Legisiuris de Macau em Revista.<\/p>\n<p>Com um novo formato gr\u00e1fico (o qual esperamos ser do V. agrado), mas a mesma linha\u00a0editorial, este n\u00famero 2 \u00e9 totalmente redigido por Profissionais do Direito residentes em Macau,\u00a0mantendo-se as tr\u00eas grandes Sec\u00e7\u00f5es (Doutrina, Jurisprud\u00eancia e Legisla\u00e7\u00e3o comentadas),\u00a0previamente estipuladas.\n<\/p>\n<\/div>\n<\/div>\n","protected":false},"featured_media":326,"comment_status":"open","ping_status":"closed","template":"","meta":[],"product_cat":[19,16,27,37,22],"product_tag":[164,182],"_links":{"self":[{"href":"https:\/\/ebooks-creddm.org\/index.php?rest_route=\/wp\/v2\/product\/325"}],"collection":[{"href":"https:\/\/ebooks-creddm.org\/index.php?rest_route=\/wp\/v2\/product"}],"about":[{"href":"https:\/\/ebooks-creddm.org\/index.php?rest_route=\/wp\/v2\/types\/product"}],"replies":[{"embeddable":true,"href":"https:\/\/ebooks-creddm.org\/index.php?rest_route=%2Fwp%2Fv2%2Fcomments&post=325"}],"wp:featuredmedia":[{"embeddable":true,"href":"https:\/\/ebooks-creddm.org\/index.php?rest_route=\/wp\/v2\/media\/326"}],"wp:attachment":[{"href":"https:\/\/ebooks-creddm.org\/index.php?rest_route=%2Fwp%2Fv2%2Fmedia&parent=325"}],"wp:term":[{"taxonomy":"product_cat","embeddable":true,"href":"https:\/\/ebooks-creddm.org\/index.php?rest_route=%2Fwp%2Fv2%2Fproduct_cat&post=325"},{"taxonomy":"product_tag","embeddable":true,"href":"https:\/\/ebooks-creddm.org\/index.php?rest_route=%2Fwp%2Fv2%2Fproduct_tag&post=325"}],"curies":[{"name":"wp","href":"https:\/\/api.w.org\/{rel}","templated":true}]}}