{"id":477,"date":"2014-08-21T09:48:05","date_gmt":"2014-08-21T09:48:05","guid":{"rendered":"http:\/\/ebooks-creddm.org\/?post_type=product&#038;p=477"},"modified":"2023-06-02T09:36:59","modified_gmt":"2023-06-02T09:36:59","slug":"pensar-direito-no-6-pt","status":"publish","type":"product","link":"https:\/\/ebooks-creddm.org\/?product=pensar-direito-no-6-pt","title":{"rendered":"Pensar Direito N\u00ba6"},"content":{"rendered":"  \t<div class=\"pdf-light-viewer js-pdf-light-viewer pdf-light-viewer--theme-light\" \t\tdata-enable-zoom=\"1\"         data-zoom-magnify=\"1\">  \t\t \t\t<div class=\"pdf-light-viewer-magazine-viewport js-pdf-light-viewer-magazine-viewport with-nav-bottom\">  \t\t\t\t\t\t\t<ul class=\"pdf-light-viewer-features-top-panel\"> \t\t\t\t\t      <li>         <a title=\"Fullscreen\" href=\"#!\" class=\"js-pdf-light-viewer-fullscreen\">             <i class=\"icons slicon-size-fullscreen\"><\/i>             <i class=\"icons slicon-size-actual initially-hidden\"><\/i>         <\/a>     <\/li>      <li>         <a class=\"js-pdf-light-viewer-toggle-zoom\" href=\"#!\" title=\"Zoom enabled\">             <i class=\"icons slicon-frame\"><\/i>         <\/a>     <\/li>    \t\t\t\t<\/ul> \t\t\t \t\t\t<div class=\"pdf-light-viewer-magazine-viewport-container\"> \t\t\t\t<div class=\"js-pdf-light-viewer-magazine pdf-light-viewer-magazine\"                     data-max-book-width=\"0\"                     data-max-book-height=\"0\"                     data-limit-fullscreen-book-height=\"0\" \t\t\t\t\tdata-width=\"808\" \t\t\t\t\tdata-height=\"1151\" \t\t\t\t\tdata-pages-count=\"14\" \t\t\t\t\tdata-page-layout=\"adaptive\"                     data-download-page-format=\"jpg\"                     data-theme=\"\"                     data-disable-images-preloading=\"0\"> \t\t\t\t\t\t\t\t\t\t\t<div style=\"background-image:url('https:\/\/ebooks-creddm.org\/wp-content\/plugins\/pdf-light-viewer\/resources\/assets\/img\/lightpaperfibers.png');\"> \t\t\t\t\t\t\t<div class=\"gradient\"><\/div>                                                             <img \t\t\t\t\t\t\t\t\tclass=\"js-pdf-light-viewer-lazy-loading js-pdf-light-viewer-lazy-loading-1 initially-hidden\" \t\t\t\t\t\t\t\t\tsrc=\"https:\/\/ebooks-creddm.org\/wp-content\/plugins\/pdf-light-viewer\/resources\/assets\/img\/lightpaperfibers.png\" \t\t\t\t\t\t\t\t\tdata-original=\"https:\/\/ebooks-creddm.org\/wp-content\/uploads\/pdf-light-viewer\/2066\/page-00001.jpg\" \t\t\t\t\t\t\t\t\twidth=\"100%\" \t\t\t\t\t\t\t\t\theight=\"100%\" \t\t\t\t\t\t\t\t\t\/>                             \t\t\t\t\t\t<\/div> \t\t\t\t\t\t\t\t\t\t\t<div style=\"background-image:url('https:\/\/ebooks-creddm.org\/wp-content\/plugins\/pdf-light-viewer\/resources\/assets\/img\/lightpaperfibers.png');\"> \t\t\t\t\t\t\t<div class=\"gradient\"><\/div>                                                             <img \t\t\t\t\t\t\t\t\tclass=\"js-pdf-light-viewer-lazy-loading js-pdf-light-viewer-lazy-loading-2 initially-hidden\" \t\t\t\t\t\t\t\t\tsrc=\"https:\/\/ebooks-creddm.org\/wp-content\/plugins\/pdf-light-viewer\/resources\/assets\/img\/lightpaperfibers.png\" \t\t\t\t\t\t\t\t\tdata-original=\"https:\/\/ebooks-creddm.org\/wp-content\/uploads\/pdf-light-viewer\/2066\/page-00002.jpg\" \t\t\t\t\t\t\t\t\twidth=\"100%\" \t\t\t\t\t\t\t\t\theight=\"100%\" \t\t\t\t\t\t\t\t\t\/>                             \t\t\t\t\t\t<\/div> \t\t\t\t\t\t\t\t\t\t\t<div style=\"background-image:url('https:\/\/ebooks-creddm.org\/wp-content\/plugins\/pdf-light-viewer\/resources\/assets\/img\/lightpaperfibers.png');\"> \t\t\t\t\t\t\t<div class=\"gradient\"><\/div>                                                             <img \t\t\t\t\t\t\t\t\tclass=\"js-pdf-light-viewer-lazy-loading js-pdf-light-viewer-lazy-loading-3 initially-hidden\" \t\t\t\t\t\t\t\t\tsrc=\"https:\/\/ebooks-creddm.org\/wp-content\/plugins\/pdf-light-viewer\/resources\/assets\/img\/lightpaperfibers.png\" \t\t\t\t\t\t\t\t\tdata-original=\"https:\/\/ebooks-creddm.org\/wp-content\/uploads\/pdf-light-viewer\/2066\/page-00003.jpg\" \t\t\t\t\t\t\t\t\twidth=\"100%\" \t\t\t\t\t\t\t\t\theight=\"100%\" \t\t\t\t\t\t\t\t\t\/>                             \t\t\t\t\t\t<\/div> \t\t\t\t\t\t\t\t\t\t\t<div style=\"background-image:url('https:\/\/ebooks-creddm.org\/wp-content\/plugins\/pdf-light-viewer\/resources\/assets\/img\/lightpaperfibers.png');\"> \t\t\t\t\t\t\t<div class=\"gradient\"><\/div>                                                             <img \t\t\t\t\t\t\t\t\tclass=\"js-pdf-light-viewer-lazy-loading js-pdf-light-viewer-lazy-loading-4 initially-hidden\" \t\t\t\t\t\t\t\t\tsrc=\"https:\/\/ebooks-creddm.org\/wp-content\/plugins\/pdf-light-viewer\/resources\/assets\/img\/lightpaperfibers.png\" \t\t\t\t\t\t\t\t\tdata-original=\"https:\/\/ebooks-creddm.org\/wp-content\/uploads\/pdf-light-viewer\/2066\/page-00004.jpg\" \t\t\t\t\t\t\t\t\twidth=\"100%\" \t\t\t\t\t\t\t\t\theight=\"100%\" \t\t\t\t\t\t\t\t\t\/>                             \t\t\t\t\t\t<\/div> \t\t\t\t\t\t\t\t\t\t\t<div style=\"background-image:url('https:\/\/ebooks-creddm.org\/wp-content\/plugins\/pdf-light-viewer\/resources\/assets\/img\/lightpaperfibers.png');\"> \t\t\t\t\t\t\t<div class=\"gradient\"><\/div>                                                             <img \t\t\t\t\t\t\t\t\tclass=\"js-pdf-light-viewer-lazy-loading js-pdf-light-viewer-lazy-loading-5 initially-hidden\" \t\t\t\t\t\t\t\t\tsrc=\"https:\/\/ebooks-creddm.org\/wp-content\/plugins\/pdf-light-viewer\/resources\/assets\/img\/lightpaperfibers.png\" \t\t\t\t\t\t\t\t\tdata-original=\"https:\/\/ebooks-creddm.org\/wp-content\/uploads\/pdf-light-viewer\/2066\/page-00005.jpg\" \t\t\t\t\t\t\t\t\twidth=\"100%\" \t\t\t\t\t\t\t\t\theight=\"100%\" \t\t\t\t\t\t\t\t\t\/>                             \t\t\t\t\t\t<\/div> \t\t\t\t\t\t\t\t\t\t\t<div style=\"background-image:url('https:\/\/ebooks-creddm.org\/wp-content\/plugins\/pdf-light-viewer\/resources\/assets\/img\/lightpaperfibers.png');\"> \t\t\t\t\t\t\t<div class=\"gradient\"><\/div>                                                             <img \t\t\t\t\t\t\t\t\tclass=\"js-pdf-light-viewer-lazy-loading js-pdf-light-viewer-lazy-loading-6 initially-hidden\" \t\t\t\t\t\t\t\t\tsrc=\"https:\/\/ebooks-creddm.org\/wp-content\/plugins\/pdf-light-viewer\/resources\/assets\/img\/lightpaperfibers.png\" \t\t\t\t\t\t\t\t\tdata-original=\"https:\/\/ebooks-creddm.org\/wp-content\/uploads\/pdf-light-viewer\/2066\/page-00006.jpg\" \t\t\t\t\t\t\t\t\twidth=\"100%\" \t\t\t\t\t\t\t\t\theight=\"100%\" \t\t\t\t\t\t\t\t\t\/>                             \t\t\t\t\t\t<\/div> \t\t\t\t\t\t\t\t\t\t\t<div style=\"background-image:url('https:\/\/ebooks-creddm.org\/wp-content\/plugins\/pdf-light-viewer\/resources\/assets\/img\/lightpaperfibers.png');\"> \t\t\t\t\t\t\t<div class=\"gradient\"><\/div>                                                             <img \t\t\t\t\t\t\t\t\tclass=\"js-pdf-light-viewer-lazy-loading js-pdf-light-viewer-lazy-loading-7 initially-hidden\" \t\t\t\t\t\t\t\t\tsrc=\"https:\/\/ebooks-creddm.org\/wp-content\/plugins\/pdf-light-viewer\/resources\/assets\/img\/lightpaperfibers.png\" \t\t\t\t\t\t\t\t\tdata-original=\"https:\/\/ebooks-creddm.org\/wp-content\/uploads\/pdf-light-viewer\/2066\/page-00007.jpg\" \t\t\t\t\t\t\t\t\twidth=\"100%\" \t\t\t\t\t\t\t\t\theight=\"100%\" \t\t\t\t\t\t\t\t\t\/>                             \t\t\t\t\t\t<\/div> \t\t\t\t\t\t\t\t\t\t\t<div style=\"background-image:url('https:\/\/ebooks-creddm.org\/wp-content\/plugins\/pdf-light-viewer\/resources\/assets\/img\/lightpaperfibers.png');\"> \t\t\t\t\t\t\t<div class=\"gradient\"><\/div>                                                             <img \t\t\t\t\t\t\t\t\tclass=\"js-pdf-light-viewer-lazy-loading js-pdf-light-viewer-lazy-loading-8 initially-hidden\" \t\t\t\t\t\t\t\t\tsrc=\"https:\/\/ebooks-creddm.org\/wp-content\/plugins\/pdf-light-viewer\/resources\/assets\/img\/lightpaperfibers.png\" \t\t\t\t\t\t\t\t\tdata-original=\"https:\/\/ebooks-creddm.org\/wp-content\/uploads\/pdf-light-viewer\/2066\/page-00008.jpg\" \t\t\t\t\t\t\t\t\twidth=\"100%\" \t\t\t\t\t\t\t\t\theight=\"100%\" \t\t\t\t\t\t\t\t\t\/>                             \t\t\t\t\t\t<\/div> \t\t\t\t\t\t\t\t\t\t\t<div style=\"background-image:url('https:\/\/ebooks-creddm.org\/wp-content\/plugins\/pdf-light-viewer\/resources\/assets\/img\/lightpaperfibers.png');\"> \t\t\t\t\t\t\t<div class=\"gradient\"><\/div>                                                             <img \t\t\t\t\t\t\t\t\tclass=\"js-pdf-light-viewer-lazy-loading js-pdf-light-viewer-lazy-loading-9 initially-hidden\" \t\t\t\t\t\t\t\t\tsrc=\"https:\/\/ebooks-creddm.org\/wp-content\/plugins\/pdf-light-viewer\/resources\/assets\/img\/lightpaperfibers.png\" \t\t\t\t\t\t\t\t\tdata-original=\"https:\/\/ebooks-creddm.org\/wp-content\/uploads\/pdf-light-viewer\/2066\/page-00009.jpg\" \t\t\t\t\t\t\t\t\twidth=\"100%\" \t\t\t\t\t\t\t\t\theight=\"100%\" \t\t\t\t\t\t\t\t\t\/>                             \t\t\t\t\t\t<\/div> \t\t\t\t\t\t\t\t\t\t\t<div style=\"background-image:url('https:\/\/ebooks-creddm.org\/wp-content\/plugins\/pdf-light-viewer\/resources\/assets\/img\/lightpaperfibers.png');\"> \t\t\t\t\t\t\t<div class=\"gradient\"><\/div>                                                             <img \t\t\t\t\t\t\t\t\tclass=\"js-pdf-light-viewer-lazy-loading js-pdf-light-viewer-lazy-loading-10 initially-hidden\" \t\t\t\t\t\t\t\t\tsrc=\"https:\/\/ebooks-creddm.org\/wp-content\/plugins\/pdf-light-viewer\/resources\/assets\/img\/lightpaperfibers.png\" \t\t\t\t\t\t\t\t\tdata-original=\"https:\/\/ebooks-creddm.org\/wp-content\/uploads\/pdf-light-viewer\/2066\/page-00010.jpg\" \t\t\t\t\t\t\t\t\twidth=\"100%\" \t\t\t\t\t\t\t\t\theight=\"100%\" \t\t\t\t\t\t\t\t\t\/>                             \t\t\t\t\t\t<\/div> \t\t\t\t\t\t\t\t\t\t\t<div style=\"background-image:url('https:\/\/ebooks-creddm.org\/wp-content\/plugins\/pdf-light-viewer\/resources\/assets\/img\/lightpaperfibers.png');\"> \t\t\t\t\t\t\t<div class=\"gradient\"><\/div>                                                             <img \t\t\t\t\t\t\t\t\tclass=\"js-pdf-light-viewer-lazy-loading js-pdf-light-viewer-lazy-loading-11 initially-hidden\" \t\t\t\t\t\t\t\t\tsrc=\"https:\/\/ebooks-creddm.org\/wp-content\/plugins\/pdf-light-viewer\/resources\/assets\/img\/lightpaperfibers.png\" \t\t\t\t\t\t\t\t\tdata-original=\"https:\/\/ebooks-creddm.org\/wp-content\/uploads\/pdf-light-viewer\/2066\/page-00011.jpg\" \t\t\t\t\t\t\t\t\twidth=\"100%\" \t\t\t\t\t\t\t\t\theight=\"100%\" \t\t\t\t\t\t\t\t\t\/>                             \t\t\t\t\t\t<\/div> \t\t\t\t\t\t\t\t\t\t\t<div style=\"background-image:url('https:\/\/ebooks-creddm.org\/wp-content\/plugins\/pdf-light-viewer\/resources\/assets\/img\/lightpaperfibers.png');\"> \t\t\t\t\t\t\t<div class=\"gradient\"><\/div>                                                             <img \t\t\t\t\t\t\t\t\tclass=\"js-pdf-light-viewer-lazy-loading js-pdf-light-viewer-lazy-loading-12 initially-hidden\" \t\t\t\t\t\t\t\t\tsrc=\"https:\/\/ebooks-creddm.org\/wp-content\/plugins\/pdf-light-viewer\/resources\/assets\/img\/lightpaperfibers.png\" \t\t\t\t\t\t\t\t\tdata-original=\"https:\/\/ebooks-creddm.org\/wp-content\/uploads\/pdf-light-viewer\/2066\/page-00012.jpg\" \t\t\t\t\t\t\t\t\twidth=\"100%\" \t\t\t\t\t\t\t\t\theight=\"100%\" \t\t\t\t\t\t\t\t\t\/>                             \t\t\t\t\t\t<\/div> \t\t\t\t\t\t\t\t\t\t\t<div style=\"background-image:url('https:\/\/ebooks-creddm.org\/wp-content\/plugins\/pdf-light-viewer\/resources\/assets\/img\/lightpaperfibers.png');\"> \t\t\t\t\t\t\t<div class=\"gradient\"><\/div>                                                             <img \t\t\t\t\t\t\t\t\tclass=\"js-pdf-light-viewer-lazy-loading js-pdf-light-viewer-lazy-loading-13 initially-hidden\" \t\t\t\t\t\t\t\t\tsrc=\"https:\/\/ebooks-creddm.org\/wp-content\/plugins\/pdf-light-viewer\/resources\/assets\/img\/lightpaperfibers.png\" \t\t\t\t\t\t\t\t\tdata-original=\"https:\/\/ebooks-creddm.org\/wp-content\/uploads\/pdf-light-viewer\/2066\/page-00013.jpg\" \t\t\t\t\t\t\t\t\twidth=\"100%\" \t\t\t\t\t\t\t\t\theight=\"100%\" \t\t\t\t\t\t\t\t\t\/>                             \t\t\t\t\t\t<\/div> \t\t\t\t\t\t\t\t\t\t\t<div style=\"background-image:url('https:\/\/ebooks-creddm.org\/wp-content\/plugins\/pdf-light-viewer\/resources\/assets\/img\/lightpaperfibers.png');\"> \t\t\t\t\t\t\t<div class=\"gradient\"><\/div>                                                             <img \t\t\t\t\t\t\t\t\tclass=\"js-pdf-light-viewer-lazy-loading js-pdf-light-viewer-lazy-loading-14 initially-hidden\" \t\t\t\t\t\t\t\t\tsrc=\"https:\/\/ebooks-creddm.org\/wp-content\/plugins\/pdf-light-viewer\/resources\/assets\/img\/lightpaperfibers.png\" \t\t\t\t\t\t\t\t\tdata-original=\"https:\/\/ebooks-creddm.org\/wp-content\/uploads\/pdf-light-viewer\/2066\/page-00014.jpg\" \t\t\t\t\t\t\t\t\twidth=\"100%\" \t\t\t\t\t\t\t\t\theight=\"100%\" \t\t\t\t\t\t\t\t\t\/>                             \t\t\t\t\t\t<\/div> \t\t\t\t\t\t\t\t\t<\/div> \t\t\t<\/div> \t\t<\/div>  \t\t<!-- Thumbnails --> \t\t\t\t\t<div class=\"pdf-light-viewer-magazine-thumbnails js-pdf-light-viewer-magazine-thumbnails\">  \t\t\t\t<div class=\"pdf-light-viewer-features-bottom-panel\"> \t\t\t\t\t<ul>     <li>         <div class=\"i pdf-light-viewer-slide\">             <a href=\"#page\/1\" class=\"page-1 js-page-thumbnail\">                 <img                     src=\"https:\/\/ebooks-creddm.org\/wp-content\/uploads\/pdf-light-viewer\/2066-thumbs\/page-00001-100x76.jpg\"                     alt=\"\"                     \/>             <\/a>             <span>                 1                             <\/span>         <\/div>     <\/li>             <li>             <div class=\"d pdf-light-viewer-slide\">                 <a href=\"#page\/2\" class=\"page-2 js-page-thumbnail\">                     <img                         src=\"https:\/\/ebooks-creddm.org\/wp-content\/uploads\/pdf-light-viewer\/2066-thumbs\/page-00002-100x76.jpg\"                         alt=\"\"                         \/>                 <\/a>                 <a href=\"#page\/3\" class=\"page-3 js-page-thumbnail\">                     <img                         src=\"https:\/\/ebooks-creddm.org\/wp-content\/uploads\/pdf-light-viewer\/2066-thumbs\/page-00003-100x76.jpg\"                         alt=\"\"                         \/>                 <\/a>                 <span>                                          2-3                                     <\/span>             <\/div>         <\/li>             <li>             <div class=\"d pdf-light-viewer-slide\">                 <a href=\"#page\/4\" class=\"page-4 js-page-thumbnail\">                     <img                         src=\"https:\/\/ebooks-creddm.org\/wp-content\/uploads\/pdf-light-viewer\/2066-thumbs\/page-00004-100x76.jpg\"                         alt=\"\"                         \/>                 <\/a>                 <a href=\"#page\/5\" class=\"page-5 js-page-thumbnail\">                     <img                         src=\"https:\/\/ebooks-creddm.org\/wp-content\/uploads\/pdf-light-viewer\/2066-thumbs\/page-00005-100x76.jpg\"                         alt=\"\"                         \/>                 <\/a>                 <span>                                          4-5                                     <\/span>             <\/div>         <\/li>             <li>             <div class=\"d pdf-light-viewer-slide\">                 <a href=\"#page\/6\" class=\"page-6 js-page-thumbnail\">                     <img                         src=\"https:\/\/ebooks-creddm.org\/wp-content\/uploads\/pdf-light-viewer\/2066-thumbs\/page-00006-100x76.jpg\"                         alt=\"\"                         \/>                 <\/a>                 <a href=\"#page\/7\" class=\"page-7 js-page-thumbnail\">                     <img                         src=\"https:\/\/ebooks-creddm.org\/wp-content\/uploads\/pdf-light-viewer\/2066-thumbs\/page-00007-100x76.jpg\"                         alt=\"\"                         \/>                 <\/a>                 <span>                                          6-7                                     <\/span>             <\/div>         <\/li>             <li>             <div class=\"d pdf-light-viewer-slide\">                 <a href=\"#page\/8\" class=\"page-8 js-page-thumbnail\">                     <img                         src=\"https:\/\/ebooks-creddm.org\/wp-content\/uploads\/pdf-light-viewer\/2066-thumbs\/page-00008-100x76.jpg\"                         alt=\"\"                         \/>                 <\/a>                 <a href=\"#page\/9\" class=\"page-9 js-page-thumbnail\">                     <img                         src=\"https:\/\/ebooks-creddm.org\/wp-content\/uploads\/pdf-light-viewer\/2066-thumbs\/page-00009-100x76.jpg\"                         alt=\"\"                         \/>                 <\/a>                 <span>                                          8-9                                     <\/span>             <\/div>         <\/li>             <li>             <div class=\"d pdf-light-viewer-slide\">                 <a href=\"#page\/10\" class=\"page-10 js-page-thumbnail\">                     <img                         src=\"https:\/\/ebooks-creddm.org\/wp-content\/uploads\/pdf-light-viewer\/2066-thumbs\/page-00010-100x76.jpg\"                         alt=\"\"                         \/>                 <\/a>                 <a href=\"#page\/11\" class=\"page-11 js-page-thumbnail\">                     <img                         src=\"https:\/\/ebooks-creddm.org\/wp-content\/uploads\/pdf-light-viewer\/2066-thumbs\/page-00011-100x76.jpg\"                         alt=\"\"                         \/>                 <\/a>                 <span>                                          10-11                                     <\/span>             <\/div>         <\/li>             <li>             <div class=\"d pdf-light-viewer-slide\">                 <a href=\"#page\/12\" class=\"page-12 js-page-thumbnail\">                     <img                         src=\"https:\/\/ebooks-creddm.org\/wp-content\/uploads\/pdf-light-viewer\/2066-thumbs\/page-00012-100x76.jpg\"                         alt=\"\"                         \/>                 <\/a>                 <a href=\"#page\/13\" class=\"page-13 js-page-thumbnail\">                     <img                         src=\"https:\/\/ebooks-creddm.org\/wp-content\/uploads\/pdf-light-viewer\/2066-thumbs\/page-00013-100x76.jpg\"                         alt=\"\"                         \/>                 <\/a>                 <span>                                          12-13                                     <\/span>             <\/div>         <\/li>                  <li>             <div class=\"i pdf-light-viewer-slide\">                 <a href=\"#page\/14\" class=\"page-14 js-page-thumbnail\">                     <img                         src=\"https:\/\/ebooks-creddm.org\/wp-content\/uploads\/pdf-light-viewer\/2066-thumbs\/page-00014-100x76.jpg\"                         alt=\"\"                         \/>                 <\/a>                 <span>                     14                                    <\/span>             <\/div>         <\/li>     <\/ul> \t\t\t\t<\/div>  \t\t\t<\/div> \t\t \t<\/div>  \n<p><strong>T\u00edtulo:\u00a0<\/strong>Pensar Direito 6<\/p>\n<p><strong>CRED-DM<\/strong>:\u00a0Centro de Reflex\u00e3o, Estudo e Difus\u00e3o do Direito de Macau<\/p>\n<p><strong>Funda\u00e7\u00e3o Rui Cunha<\/strong><\/p>\n<p><strong>Conselho de Administra\u00e7\u00e3o<\/strong>:\u00a0Rui Cunha (Presidente);\u00a0Rui Pedro Cunha, Jo\u00e3o Tubal Gon\u00e7alves (vice-presidentes);\u00a0Isabel Cunha, Connie Kong (vogais)<\/p>\n<p><strong>Director Executivo<\/strong>:\u00a0Filipa Guadalupe (filipa@fundacao-rc.org)<\/p>\n<p><strong>Colaboraram nesta Edi\u00e7\u00e3o<\/strong>:\u00a0O Livro e os Direitos De Autor &#8211;\u00a0Gon\u00e7alo Cabral; Yao Jing Ming; Jos\u00e9 Luis Sales Marques; Wu Gwok Nin; Carlos Morais Jos\u00e9<\/p>\n<p><strong>Semin\u00e1rio Internacional de Seguros<\/strong> &#8211;\u00a0Jo\u00e3o Calv\u00e3o da Silva; Ant\u00f3nio F\u00e9lix Pontes; Peter Cashin; Steven Chik; Ivan Cheung; Ao Ieong Kei, Filipa<\/p>\n<p><strong>Tradu\u00e7\u00e3o<\/strong> :\u00a0Zhen Yishu (Teresa), Natacha Fidalgo<\/p>\n<p><strong>Capa<\/strong>:\u00a0Frc Global Communication Ltd<\/p>\n<p><strong>Ilustra\u00e7\u00e3o, Pagina\u00e7\u00e3o e Tratamento de Imagem<\/strong>:\u00a0Frc Global Communication Ltd, C\u00e9lia Br\u00e1s<\/p>\n<p>&nbsp;<\/p>\n","protected":false},"excerpt":{"rendered":"<div class=\"entry-summary\">\n<div class=\"entry-summary\">\nFoi no passado dia 28 de Abril de 2014 que a Funda\u00e7\u00e3o Rui Cunha celebrou mais um anivers\u00e1rio. E num \u00e1pice passaram dois anos. Dois anos de uma intensa, prof\u00edcua e diversificada actividade a qual muito nos orgulha, e nos d\u00e1 o alento necess\u00e1rio para prosseguir.<\/p>\n<p>\u00c0 semelhan\u00e7a do formato adoptado aquando da passagem do nosso primeiro anivers\u00e1rio, tamb\u00e9m este ano, opt\u00e1mos por estender as celebra\u00e7\u00f5es ao longo de uma semana, semana essa que transform\u00e1mos numa montra di\u00e1ria dos v\u00e1rios tipos de eventos, ciclos e programas existentes durante todo o ano.<\/p>\n<p>Atrav\u00e9s deste \u201c<strong>Especial Anivers\u00e1rio<\/strong>\u201d, pretendemos, de forma simples e singela, agradecer a todos os que connosco colaboraram, mas tamb\u00e9m, recordar e dar a conhecer \u00e0queles que n\u00e3o tiveram oportunidade de aqui estar, um pouco do que fizemos.<\/p>\n<p>Sem pretens\u00f5es t\u00e9cnicas ou de conte\u00fados demasiado exaustivos, a Pensar Direito assume, neste n\u00famero 6, uma vertente de revista\/magazzine, de estilo l\u00fadico.\n<\/p>\n<\/div>\n<\/div>\n","protected":false},"featured_media":505,"comment_status":"open","ping_status":"closed","template":"","meta":[],"product_cat":[129,27,22],"product_tag":[191],"_links":{"self":[{"href":"https:\/\/ebooks-creddm.org\/index.php?rest_route=\/wp\/v2\/product\/477"}],"collection":[{"href":"https:\/\/ebooks-creddm.org\/index.php?rest_route=\/wp\/v2\/product"}],"about":[{"href":"https:\/\/ebooks-creddm.org\/index.php?rest_route=\/wp\/v2\/types\/product"}],"replies":[{"embeddable":true,"href":"https:\/\/ebooks-creddm.org\/index.php?rest_route=%2Fwp%2Fv2%2Fcomments&post=477"}],"wp:featuredmedia":[{"embeddable":true,"href":"https:\/\/ebooks-creddm.org\/index.php?rest_route=\/wp\/v2\/media\/505"}],"wp:attachment":[{"href":"https:\/\/ebooks-creddm.org\/index.php?rest_route=%2Fwp%2Fv2%2Fmedia&parent=477"}],"wp:term":[{"taxonomy":"product_cat","embeddable":true,"href":"https:\/\/ebooks-creddm.org\/index.php?rest_route=%2Fwp%2Fv2%2Fproduct_cat&post=477"},{"taxonomy":"product_tag","embeddable":true,"href":"https:\/\/ebooks-creddm.org\/index.php?rest_route=%2Fwp%2Fv2%2Fproduct_tag&post=477"}],"curies":[{"name":"wp","href":"https:\/\/api.w.org\/{rel}","templated":true}]}}