{"id":856,"date":"2015-11-06T03:27:03","date_gmt":"2015-11-06T03:27:03","guid":{"rendered":"http:\/\/ebooks-creddm.org\/?post_type=product&#038;p=856"},"modified":"2019-09-18T09:49:40","modified_gmt":"2019-09-18T09:49:40","slug":"lei-da-propriedade-da-republica-popular-da-china-%e4%b8%ad%e5%8d%8e%e4%ba%ba%e6%b0%91%e5%85%b1%e5%92%8c%e5%9b%bd%e7%89%a9%e6%9d%83%e6%b3%95","status":"publish","type":"product","link":"https:\/\/ebooks-creddm.org\/?product=lei-da-propriedade-da-republica-popular-da-china-%e4%b8%ad%e5%8d%8e%e4%ba%ba%e6%b0%91%e5%85%b1%e5%92%8c%e5%9b%bd%e7%89%a9%e6%9d%83%e6%b3%95","title":{"rendered":"Lei da Propriedade da Rep\u00fablica Popular da China \/ \u4e2d\u534e\u4eba\u6c11\u5171\u548c\u56fd\u7269\u6743\u6cd5"},"content":{"rendered":"  \t<div class=\"pdf-light-viewer js-pdf-light-viewer pdf-light-viewer--theme-light\" \t\tdata-enable-zoom=\"1\"         data-zoom-magnify=\"0\">  \t\t \t\t<div class=\"pdf-light-viewer-magazine-viewport js-pdf-light-viewer-magazine-viewport with-nav-bottom\">  \t\t\t\t\t\t\t<ul class=\"pdf-light-viewer-features-top-panel\"> \t\t\t\t\t     <li>         <a title=\"Download\" href=\"https:\/\/ebooks-creddm.org\/wp-content\/uploads\/2015\/12\/MANUAL-DE-LEGISTICA-FORMAL-ISSUU.pdf\" target=\"_blank\">             <i class=\"icons slicon-cloud-download\"><\/i>         <\/a>     <\/li>      <li>         <a title=\"Fullscreen\" href=\"#!\" class=\"js-pdf-light-viewer-fullscreen\">             <i class=\"icons slicon-size-fullscreen\"><\/i>             <i class=\"icons slicon-size-actual initially-hidden\"><\/i>         <\/a>     <\/li>      <li>         <a class=\"js-pdf-light-viewer-toggle-zoom\" href=\"#!\" title=\"Zoom enabled\">             <i class=\"icons slicon-frame\"><\/i>         <\/a>     <\/li>    \t\t\t\t<\/ul> \t\t\t \t\t\t<div class=\"pdf-light-viewer-magazine-viewport-container\"> \t\t\t\t<div class=\"js-pdf-light-viewer-magazine pdf-light-viewer-magazine\"                     data-max-book-width=\"0\"                     data-max-book-height=\"0\"                     data-limit-fullscreen-book-height=\"0\" \t\t\t\t\tdata-width=\"763\" \t\t\t\t\tdata-height=\"1042\" \t\t\t\t\tdata-pages-count=\"16\" \t\t\t\t\tdata-page-layout=\"\"                     data-download-page-format=\"\"                     data-theme=\"\"                     data-disable-images-preloading=\"0\"> \t\t\t\t\t\t\t\t\t\t\t<div style=\"background-image:url('https:\/\/ebooks-creddm.org\/wp-content\/plugins\/pdf-light-viewer\/resources\/assets\/img\/lightpaperfibers.png');\"> \t\t\t\t\t\t\t<div class=\"gradient\"><\/div>                                                             <img \t\t\t\t\t\t\t\t\tclass=\"js-pdf-light-viewer-lazy-loading js-pdf-light-viewer-lazy-loading-1 initially-hidden\" \t\t\t\t\t\t\t\t\tsrc=\"https:\/\/ebooks-creddm.org\/wp-content\/plugins\/pdf-light-viewer\/resources\/assets\/img\/lightpaperfibers.png\" \t\t\t\t\t\t\t\t\tdata-original=\"https:\/\/ebooks-creddm.org\/wp-content\/uploads\/pdf-light-viewer\/854\/page-00001.jpg\" \t\t\t\t\t\t\t\t\twidth=\"100%\" \t\t\t\t\t\t\t\t\theight=\"100%\" \t\t\t\t\t\t\t\t\t\/>                             \t\t\t\t\t\t<\/div> \t\t\t\t\t\t\t\t\t\t\t<div style=\"background-image:url('https:\/\/ebooks-creddm.org\/wp-content\/plugins\/pdf-light-viewer\/resources\/assets\/img\/lightpaperfibers.png');\"> \t\t\t\t\t\t\t<div class=\"gradient\"><\/div>                                                             <img \t\t\t\t\t\t\t\t\tclass=\"js-pdf-light-viewer-lazy-loading js-pdf-light-viewer-lazy-loading-2 initially-hidden\" \t\t\t\t\t\t\t\t\tsrc=\"https:\/\/ebooks-creddm.org\/wp-content\/plugins\/pdf-light-viewer\/resources\/assets\/img\/lightpaperfibers.png\" \t\t\t\t\t\t\t\t\tdata-original=\"https:\/\/ebooks-creddm.org\/wp-content\/uploads\/pdf-light-viewer\/854\/page-00002.jpg\" \t\t\t\t\t\t\t\t\twidth=\"100%\" \t\t\t\t\t\t\t\t\theight=\"100%\" \t\t\t\t\t\t\t\t\t\/>                             \t\t\t\t\t\t<\/div> \t\t\t\t\t\t\t\t\t\t\t<div style=\"background-image:url('https:\/\/ebooks-creddm.org\/wp-content\/plugins\/pdf-light-viewer\/resources\/assets\/img\/lightpaperfibers.png');\"> \t\t\t\t\t\t\t<div class=\"gradient\"><\/div>                                                             <img \t\t\t\t\t\t\t\t\tclass=\"js-pdf-light-viewer-lazy-loading js-pdf-light-viewer-lazy-loading-3 initially-hidden\" \t\t\t\t\t\t\t\t\tsrc=\"https:\/\/ebooks-creddm.org\/wp-content\/plugins\/pdf-light-viewer\/resources\/assets\/img\/lightpaperfibers.png\" \t\t\t\t\t\t\t\t\tdata-original=\"https:\/\/ebooks-creddm.org\/wp-content\/uploads\/pdf-light-viewer\/854\/page-00003.jpg\" \t\t\t\t\t\t\t\t\twidth=\"100%\" \t\t\t\t\t\t\t\t\theight=\"100%\" \t\t\t\t\t\t\t\t\t\/>                             \t\t\t\t\t\t<\/div> \t\t\t\t\t\t\t\t\t\t\t<div style=\"background-image:url('https:\/\/ebooks-creddm.org\/wp-content\/plugins\/pdf-light-viewer\/resources\/assets\/img\/lightpaperfibers.png');\"> \t\t\t\t\t\t\t<div class=\"gradient\"><\/div>                                                             <img \t\t\t\t\t\t\t\t\tclass=\"js-pdf-light-viewer-lazy-loading js-pdf-light-viewer-lazy-loading-4 initially-hidden\" \t\t\t\t\t\t\t\t\tsrc=\"https:\/\/ebooks-creddm.org\/wp-content\/plugins\/pdf-light-viewer\/resources\/assets\/img\/lightpaperfibers.png\" \t\t\t\t\t\t\t\t\tdata-original=\"https:\/\/ebooks-creddm.org\/wp-content\/uploads\/pdf-light-viewer\/854\/page-00004.jpg\" \t\t\t\t\t\t\t\t\twidth=\"100%\" \t\t\t\t\t\t\t\t\theight=\"100%\" \t\t\t\t\t\t\t\t\t\/>                             \t\t\t\t\t\t<\/div> \t\t\t\t\t\t\t\t\t\t\t<div style=\"background-image:url('https:\/\/ebooks-creddm.org\/wp-content\/plugins\/pdf-light-viewer\/resources\/assets\/img\/lightpaperfibers.png');\"> \t\t\t\t\t\t\t<div class=\"gradient\"><\/div>                                                             <img \t\t\t\t\t\t\t\t\tclass=\"js-pdf-light-viewer-lazy-loading js-pdf-light-viewer-lazy-loading-5 initially-hidden\" \t\t\t\t\t\t\t\t\tsrc=\"https:\/\/ebooks-creddm.org\/wp-content\/plugins\/pdf-light-viewer\/resources\/assets\/img\/lightpaperfibers.png\" \t\t\t\t\t\t\t\t\tdata-original=\"https:\/\/ebooks-creddm.org\/wp-content\/uploads\/pdf-light-viewer\/854\/page-00005.jpg\" \t\t\t\t\t\t\t\t\twidth=\"100%\" \t\t\t\t\t\t\t\t\theight=\"100%\" \t\t\t\t\t\t\t\t\t\/>                             \t\t\t\t\t\t<\/div> \t\t\t\t\t\t\t\t\t\t\t<div style=\"background-image:url('https:\/\/ebooks-creddm.org\/wp-content\/plugins\/pdf-light-viewer\/resources\/assets\/img\/lightpaperfibers.png');\"> \t\t\t\t\t\t\t<div class=\"gradient\"><\/div>                                                             <img \t\t\t\t\t\t\t\t\tclass=\"js-pdf-light-viewer-lazy-loading js-pdf-light-viewer-lazy-loading-6 initially-hidden\" \t\t\t\t\t\t\t\t\tsrc=\"https:\/\/ebooks-creddm.org\/wp-content\/plugins\/pdf-light-viewer\/resources\/assets\/img\/lightpaperfibers.png\" \t\t\t\t\t\t\t\t\tdata-original=\"https:\/\/ebooks-creddm.org\/wp-content\/uploads\/pdf-light-viewer\/854\/page-00006.jpg\" \t\t\t\t\t\t\t\t\twidth=\"100%\" \t\t\t\t\t\t\t\t\theight=\"100%\" \t\t\t\t\t\t\t\t\t\/>                             \t\t\t\t\t\t<\/div> \t\t\t\t\t\t\t\t\t\t\t<div style=\"background-image:url('https:\/\/ebooks-creddm.org\/wp-content\/plugins\/pdf-light-viewer\/resources\/assets\/img\/lightpaperfibers.png');\"> \t\t\t\t\t\t\t<div class=\"gradient\"><\/div>                                                             <img \t\t\t\t\t\t\t\t\tclass=\"js-pdf-light-viewer-lazy-loading js-pdf-light-viewer-lazy-loading-7 initially-hidden\" \t\t\t\t\t\t\t\t\tsrc=\"https:\/\/ebooks-creddm.org\/wp-content\/plugins\/pdf-light-viewer\/resources\/assets\/img\/lightpaperfibers.png\" \t\t\t\t\t\t\t\t\tdata-original=\"https:\/\/ebooks-creddm.org\/wp-content\/uploads\/pdf-light-viewer\/854\/page-00007.jpg\" \t\t\t\t\t\t\t\t\twidth=\"100%\" \t\t\t\t\t\t\t\t\theight=\"100%\" \t\t\t\t\t\t\t\t\t\/>                             \t\t\t\t\t\t<\/div> \t\t\t\t\t\t\t\t\t\t\t<div style=\"background-image:url('https:\/\/ebooks-creddm.org\/wp-content\/plugins\/pdf-light-viewer\/resources\/assets\/img\/lightpaperfibers.png');\"> \t\t\t\t\t\t\t<div class=\"gradient\"><\/div>                                                             <img \t\t\t\t\t\t\t\t\tclass=\"js-pdf-light-viewer-lazy-loading js-pdf-light-viewer-lazy-loading-8 initially-hidden\" \t\t\t\t\t\t\t\t\tsrc=\"https:\/\/ebooks-creddm.org\/wp-content\/plugins\/pdf-light-viewer\/resources\/assets\/img\/lightpaperfibers.png\" \t\t\t\t\t\t\t\t\tdata-original=\"https:\/\/ebooks-creddm.org\/wp-content\/uploads\/pdf-light-viewer\/854\/page-00008.jpg\" \t\t\t\t\t\t\t\t\twidth=\"100%\" \t\t\t\t\t\t\t\t\theight=\"100%\" \t\t\t\t\t\t\t\t\t\/>                             \t\t\t\t\t\t<\/div> \t\t\t\t\t\t\t\t\t\t\t<div style=\"background-image:url('https:\/\/ebooks-creddm.org\/wp-content\/plugins\/pdf-light-viewer\/resources\/assets\/img\/lightpaperfibers.png');\"> \t\t\t\t\t\t\t<div class=\"gradient\"><\/div>                                                             <img \t\t\t\t\t\t\t\t\tclass=\"js-pdf-light-viewer-lazy-loading js-pdf-light-viewer-lazy-loading-9 initially-hidden\" \t\t\t\t\t\t\t\t\tsrc=\"https:\/\/ebooks-creddm.org\/wp-content\/plugins\/pdf-light-viewer\/resources\/assets\/img\/lightpaperfibers.png\" \t\t\t\t\t\t\t\t\tdata-original=\"https:\/\/ebooks-creddm.org\/wp-content\/uploads\/pdf-light-viewer\/854\/page-00009.jpg\" \t\t\t\t\t\t\t\t\twidth=\"100%\" \t\t\t\t\t\t\t\t\theight=\"100%\" \t\t\t\t\t\t\t\t\t\/>                             \t\t\t\t\t\t<\/div> \t\t\t\t\t\t\t\t\t\t\t<div style=\"background-image:url('https:\/\/ebooks-creddm.org\/wp-content\/plugins\/pdf-light-viewer\/resources\/assets\/img\/lightpaperfibers.png');\"> \t\t\t\t\t\t\t<div class=\"gradient\"><\/div>                                                             <img \t\t\t\t\t\t\t\t\tclass=\"js-pdf-light-viewer-lazy-loading js-pdf-light-viewer-lazy-loading-10 initially-hidden\" \t\t\t\t\t\t\t\t\tsrc=\"https:\/\/ebooks-creddm.org\/wp-content\/plugins\/pdf-light-viewer\/resources\/assets\/img\/lightpaperfibers.png\" \t\t\t\t\t\t\t\t\tdata-original=\"https:\/\/ebooks-creddm.org\/wp-content\/uploads\/pdf-light-viewer\/854\/page-00010.jpg\" \t\t\t\t\t\t\t\t\twidth=\"100%\" \t\t\t\t\t\t\t\t\theight=\"100%\" \t\t\t\t\t\t\t\t\t\/>                             \t\t\t\t\t\t<\/div> \t\t\t\t\t\t\t\t\t\t\t<div style=\"background-image:url('https:\/\/ebooks-creddm.org\/wp-content\/plugins\/pdf-light-viewer\/resources\/assets\/img\/lightpaperfibers.png');\"> \t\t\t\t\t\t\t<div class=\"gradient\"><\/div>                                                             <img \t\t\t\t\t\t\t\t\tclass=\"js-pdf-light-viewer-lazy-loading js-pdf-light-viewer-lazy-loading-11 initially-hidden\" \t\t\t\t\t\t\t\t\tsrc=\"https:\/\/ebooks-creddm.org\/wp-content\/plugins\/pdf-light-viewer\/resources\/assets\/img\/lightpaperfibers.png\" \t\t\t\t\t\t\t\t\tdata-original=\"https:\/\/ebooks-creddm.org\/wp-content\/uploads\/pdf-light-viewer\/854\/page-00011.jpg\" \t\t\t\t\t\t\t\t\twidth=\"100%\" \t\t\t\t\t\t\t\t\theight=\"100%\" \t\t\t\t\t\t\t\t\t\/>                             \t\t\t\t\t\t<\/div> \t\t\t\t\t\t\t\t\t\t\t<div style=\"background-image:url('https:\/\/ebooks-creddm.org\/wp-content\/plugins\/pdf-light-viewer\/resources\/assets\/img\/lightpaperfibers.png');\"> \t\t\t\t\t\t\t<div class=\"gradient\"><\/div>                                                             <img \t\t\t\t\t\t\t\t\tclass=\"js-pdf-light-viewer-lazy-loading js-pdf-light-viewer-lazy-loading-12 initially-hidden\" \t\t\t\t\t\t\t\t\tsrc=\"https:\/\/ebooks-creddm.org\/wp-content\/plugins\/pdf-light-viewer\/resources\/assets\/img\/lightpaperfibers.png\" \t\t\t\t\t\t\t\t\tdata-original=\"https:\/\/ebooks-creddm.org\/wp-content\/uploads\/pdf-light-viewer\/854\/page-00012.jpg\" \t\t\t\t\t\t\t\t\twidth=\"100%\" \t\t\t\t\t\t\t\t\theight=\"100%\" \t\t\t\t\t\t\t\t\t\/>                             \t\t\t\t\t\t<\/div> \t\t\t\t\t\t\t\t\t\t\t<div style=\"background-image:url('https:\/\/ebooks-creddm.org\/wp-content\/plugins\/pdf-light-viewer\/resources\/assets\/img\/lightpaperfibers.png');\"> \t\t\t\t\t\t\t<div class=\"gradient\"><\/div>                                                             <img \t\t\t\t\t\t\t\t\tclass=\"js-pdf-light-viewer-lazy-loading js-pdf-light-viewer-lazy-loading-13 initially-hidden\" \t\t\t\t\t\t\t\t\tsrc=\"https:\/\/ebooks-creddm.org\/wp-content\/plugins\/pdf-light-viewer\/resources\/assets\/img\/lightpaperfibers.png\" \t\t\t\t\t\t\t\t\tdata-original=\"https:\/\/ebooks-creddm.org\/wp-content\/uploads\/pdf-light-viewer\/854\/page-00013.jpg\" \t\t\t\t\t\t\t\t\twidth=\"100%\" \t\t\t\t\t\t\t\t\theight=\"100%\" \t\t\t\t\t\t\t\t\t\/>                             \t\t\t\t\t\t<\/div> \t\t\t\t\t\t\t\t\t\t\t<div style=\"background-image:url('https:\/\/ebooks-creddm.org\/wp-content\/plugins\/pdf-light-viewer\/resources\/assets\/img\/lightpaperfibers.png');\"> \t\t\t\t\t\t\t<div class=\"gradient\"><\/div>                                                             <img \t\t\t\t\t\t\t\t\tclass=\"js-pdf-light-viewer-lazy-loading js-pdf-light-viewer-lazy-loading-14 initially-hidden\" \t\t\t\t\t\t\t\t\tsrc=\"https:\/\/ebooks-creddm.org\/wp-content\/plugins\/pdf-light-viewer\/resources\/assets\/img\/lightpaperfibers.png\" \t\t\t\t\t\t\t\t\tdata-original=\"https:\/\/ebooks-creddm.org\/wp-content\/uploads\/pdf-light-viewer\/854\/page-00014.jpg\" \t\t\t\t\t\t\t\t\twidth=\"100%\" \t\t\t\t\t\t\t\t\theight=\"100%\" \t\t\t\t\t\t\t\t\t\/>                             \t\t\t\t\t\t<\/div> \t\t\t\t\t\t\t\t\t\t\t<div style=\"background-image:url('https:\/\/ebooks-creddm.org\/wp-content\/plugins\/pdf-light-viewer\/resources\/assets\/img\/lightpaperfibers.png');\"> \t\t\t\t\t\t\t<div class=\"gradient\"><\/div>                                                             <img \t\t\t\t\t\t\t\t\tclass=\"js-pdf-light-viewer-lazy-loading js-pdf-light-viewer-lazy-loading-15 initially-hidden\" \t\t\t\t\t\t\t\t\tsrc=\"https:\/\/ebooks-creddm.org\/wp-content\/plugins\/pdf-light-viewer\/resources\/assets\/img\/lightpaperfibers.png\" \t\t\t\t\t\t\t\t\tdata-original=\"https:\/\/ebooks-creddm.org\/wp-content\/uploads\/pdf-light-viewer\/854\/page-00015.jpg\" \t\t\t\t\t\t\t\t\twidth=\"100%\" \t\t\t\t\t\t\t\t\theight=\"100%\" \t\t\t\t\t\t\t\t\t\/>                             \t\t\t\t\t\t<\/div> \t\t\t\t\t\t\t\t\t\t\t<div style=\"background-image:url('https:\/\/ebooks-creddm.org\/wp-content\/plugins\/pdf-light-viewer\/resources\/assets\/img\/lightpaperfibers.png');\"> \t\t\t\t\t\t\t<div class=\"gradient\"><\/div>                                                             <img \t\t\t\t\t\t\t\t\tclass=\"js-pdf-light-viewer-lazy-loading js-pdf-light-viewer-lazy-loading-16 initially-hidden\" \t\t\t\t\t\t\t\t\tsrc=\"https:\/\/ebooks-creddm.org\/wp-content\/plugins\/pdf-light-viewer\/resources\/assets\/img\/lightpaperfibers.png\" \t\t\t\t\t\t\t\t\tdata-original=\"https:\/\/ebooks-creddm.org\/wp-content\/uploads\/pdf-light-viewer\/854\/page-00016.jpg\" \t\t\t\t\t\t\t\t\twidth=\"100%\" \t\t\t\t\t\t\t\t\theight=\"100%\" \t\t\t\t\t\t\t\t\t\/>                             \t\t\t\t\t\t<\/div> \t\t\t\t\t\t\t\t\t<\/div> \t\t\t<\/div> \t\t<\/div>  \t\t<!-- Thumbnails --> \t\t\t\t\t<div class=\"pdf-light-viewer-magazine-thumbnails js-pdf-light-viewer-magazine-thumbnails\">  \t\t\t\t<div class=\"pdf-light-viewer-features-bottom-panel\"> \t\t\t\t\t<ul>     <li>         <div class=\"i pdf-light-viewer-slide\">             <a href=\"#page\/1\" class=\"page-1 js-page-thumbnail\">                 <img                     src=\"https:\/\/ebooks-creddm.org\/wp-content\/uploads\/pdf-light-viewer\/854-thumbs\/page-00001-100x76.jpg\"                     alt=\"\"                     \/>             <\/a>             <span>                 1                             <\/span>         <\/div>     <\/li>             <li>             <div class=\"d pdf-light-viewer-slide\">                 <a href=\"#page\/2\" class=\"page-2 js-page-thumbnail\">                     <img                         src=\"https:\/\/ebooks-creddm.org\/wp-content\/uploads\/pdf-light-viewer\/854-thumbs\/page-00002-100x76.jpg\"                         alt=\"\"                         \/>                 <\/a>                 <a href=\"#page\/3\" class=\"page-3 js-page-thumbnail\">                     <img                         src=\"https:\/\/ebooks-creddm.org\/wp-content\/uploads\/pdf-light-viewer\/854-thumbs\/page-00003-100x76.jpg\"                         alt=\"\"                         \/>                 <\/a>                 <span>                                          2-3                                     <\/span>             <\/div>         <\/li>             <li>             <div class=\"d pdf-light-viewer-slide\">                 <a href=\"#page\/4\" class=\"page-4 js-page-thumbnail\">                     <img                         src=\"https:\/\/ebooks-creddm.org\/wp-content\/uploads\/pdf-light-viewer\/854-thumbs\/page-00004-100x76.jpg\"                         alt=\"\"                         \/>                 <\/a>                 <a href=\"#page\/5\" class=\"page-5 js-page-thumbnail\">                     <img                         src=\"https:\/\/ebooks-creddm.org\/wp-content\/uploads\/pdf-light-viewer\/854-thumbs\/page-00005-100x76.jpg\"                         alt=\"\"                         \/>                 <\/a>                 <span>                                          4-5                                     <\/span>             <\/div>         <\/li>             <li>             <div class=\"d pdf-light-viewer-slide\">                 <a href=\"#page\/6\" class=\"page-6 js-page-thumbnail\">                     <img                         src=\"https:\/\/ebooks-creddm.org\/wp-content\/uploads\/pdf-light-viewer\/854-thumbs\/page-00006-100x76.jpg\"                         alt=\"\"                         \/>                 <\/a>                 <a href=\"#page\/7\" class=\"page-7 js-page-thumbnail\">                     <img                         src=\"https:\/\/ebooks-creddm.org\/wp-content\/uploads\/pdf-light-viewer\/854-thumbs\/page-00007-100x76.jpg\"                         alt=\"\"                         \/>                 <\/a>                 <span>                                          6-7                                     <\/span>             <\/div>         <\/li>             <li>             <div class=\"d pdf-light-viewer-slide\">                 <a href=\"#page\/8\" class=\"page-8 js-page-thumbnail\">                     <img                         src=\"https:\/\/ebooks-creddm.org\/wp-content\/uploads\/pdf-light-viewer\/854-thumbs\/page-00008-100x76.jpg\"                         alt=\"\"                         \/>                 <\/a>                 <a href=\"#page\/9\" class=\"page-9 js-page-thumbnail\">                     <img                         src=\"https:\/\/ebooks-creddm.org\/wp-content\/uploads\/pdf-light-viewer\/854-thumbs\/page-00009-100x76.jpg\"                         alt=\"\"                         \/>                 <\/a>                 <span>                                          8-9                                     <\/span>             <\/div>         <\/li>             <li>             <div class=\"d pdf-light-viewer-slide\">                 <a href=\"#page\/10\" class=\"page-10 js-page-thumbnail\">                     <img                         src=\"https:\/\/ebooks-creddm.org\/wp-content\/uploads\/pdf-light-viewer\/854-thumbs\/page-00010-100x76.jpg\"                         alt=\"\"                         \/>                 <\/a>                 <a href=\"#page\/11\" class=\"page-11 js-page-thumbnail\">                     <img                         src=\"https:\/\/ebooks-creddm.org\/wp-content\/uploads\/pdf-light-viewer\/854-thumbs\/page-00011-100x76.jpg\"                         alt=\"\"                         \/>                 <\/a>                 <span>                                          10-11                                     <\/span>             <\/div>         <\/li>             <li>             <div class=\"d pdf-light-viewer-slide\">                 <a href=\"#page\/12\" class=\"page-12 js-page-thumbnail\">                     <img                         src=\"https:\/\/ebooks-creddm.org\/wp-content\/uploads\/pdf-light-viewer\/854-thumbs\/page-00012-100x76.jpg\"                         alt=\"\"                         \/>                 <\/a>                 <a href=\"#page\/13\" class=\"page-13 js-page-thumbnail\">                     <img                         src=\"https:\/\/ebooks-creddm.org\/wp-content\/uploads\/pdf-light-viewer\/854-thumbs\/page-00013-100x76.jpg\"                         alt=\"\"                         \/>                 <\/a>                 <span>                                          12-13                                     <\/span>             <\/div>         <\/li>             <li>             <div class=\"d pdf-light-viewer-slide\">                 <a href=\"#page\/14\" class=\"page-14 js-page-thumbnail\">                     <img                         src=\"https:\/\/ebooks-creddm.org\/wp-content\/uploads\/pdf-light-viewer\/854-thumbs\/page-00014-100x76.jpg\"                         alt=\"\"                         \/>                 <\/a>                 <a href=\"#page\/15\" class=\"page-15 js-page-thumbnail\">                     <img                         src=\"https:\/\/ebooks-creddm.org\/wp-content\/uploads\/pdf-light-viewer\/854-thumbs\/page-00015-100x76.jpg\"                         alt=\"\"                         \/>                 <\/a>                 <span>                                          14-15                                     <\/span>             <\/div>         <\/li>                  <li>             <div class=\"i pdf-light-viewer-slide\">                 <a href=\"#page\/16\" class=\"page-16 js-page-thumbnail\">                     <img                         src=\"https:\/\/ebooks-creddm.org\/wp-content\/uploads\/pdf-light-viewer\/854-thumbs\/page-00016-100x76.jpg\"                         alt=\"\"                         \/>                 <\/a>                 <span>                     16                                    <\/span>             <\/div>         <\/li>     <\/ul> \t\t\t\t<\/div>  \t\t\t<\/div> \t\t \t<\/div>  \n<p>A presente publica\u00e7\u00e3o tem em vista dar a conhecer aos leitores a Lei da Propriedade\u00a0vigente na Rep\u00fablica Popular da China, aprovada no D\u00e9cimo Congresso Nacional do\u00a0Povo da Rep\u00fablica Popular da China, na sua 5.\u00aa Reuni\u00e3o em 16 de Mar\u00e7o de 2007,\u00a0promulgada pelo Decreto n.\u00ba 62, daquela data, do Presidente da Rep\u00fablica Popular da\u00a0China, para entrar em vigor a partir de 1 de Outubro de 2007.<\/p>\n<p>De acordo com a Constitui\u00e7\u00e3o da RPC, toda a terra \u00e9 de propriedade colectiva, j\u00e1 que\u00a0ou pertence a todo o povo, atrav\u00e9s do Estado, ou pertence \u00e0s unidades colectivas, por\u00a0respeito ao sistema econ\u00f3mico socialista previsto no artigo 6.\u00ba daquela lei\u00a0constitucional. Mas, tal como resulta dos artigos 10.\u00ba e 13.\u00ba da mesma lei, ela pode ser\u00a0usada por qualquer organiza\u00e7\u00e3o ou indiv\u00edduo, sendo o direito de uso transmiss\u00edvel,\u00a0reconhecendo-se tamb\u00e9m o direito \u00e0 propriedade privada sobre os edif\u00edcios, sejam\u00a0eles destinados \u00e0 habita\u00e7\u00e3o, \u00e0 ind\u00fastria, ao com\u00e9rcio, ao entretenimento, etc.<\/p>\n","protected":false},"excerpt":{"rendered":"<div class=\"entry-summary\">\n<div class=\"entry-summary\">\n\u66f8\u540d \/ T\u00edtulo: \u4e2d\u534e\u4eba\u6c11\u5171\u548c\u56fd\u7269\u6743\u6cd5 \/ Lei da Propriedade da Rep\u00fablica Popular da China \/ Property Law of the People\u2019s Republic of China \u4f5c\u8005 \/ Autor: Vicente Jo\u00e3o Monteiro \u6fb3\u9580\u6cd5\u5f8b\u53cd\u601d\u7814\u7a76\u53ca\u50b3\u64ad\u4e2d\u5fc3 \/ CRED-DM Centro de Reflex\u00e3o, Estudo e Difus\u00e3o do Direito de Macau www.creddm.org, https:\/\/ebooks-creddm.org\/ \u5b98\u6a02\u6021\u57fa\u91d1\u6703 \/ Funda\u00e7\u00e3o Rui Cunha \u57f7\u884c\u7e3d\u76e3 \/ Director Executivo: Filipa Guadalupe (filipa@fundacao-rc.org) \u7ffb\u8b6f \/ Tradu\u00e7\u00e3o: Zhen Yishu (Teresa@fundacao-rc.org), Natacha Fidalgo \u6392\u7248 \/ Capa e Pagina\u00e7\u00e3o: FRC Global Communication Ltd, Carlos Canhita, C\u00e9lia Br\u00e1s\n<\/div>\n<\/div>\n","protected":false},"featured_media":842,"comment_status":"open","ping_status":"closed","template":"","meta":[],"product_cat":[129,37,256,257],"product_tag":[243,238,241,239],"_links":{"self":[{"href":"https:\/\/ebooks-creddm.org\/index.php?rest_route=\/wp\/v2\/product\/856"}],"collection":[{"href":"https:\/\/ebooks-creddm.org\/index.php?rest_route=\/wp\/v2\/product"}],"about":[{"href":"https:\/\/ebooks-creddm.org\/index.php?rest_route=\/wp\/v2\/types\/product"}],"replies":[{"embeddable":true,"href":"https:\/\/ebooks-creddm.org\/index.php?rest_route=%2Fwp%2Fv2%2Fcomments&post=856"}],"wp:featuredmedia":[{"embeddable":true,"href":"https:\/\/ebooks-creddm.org\/index.php?rest_route=\/wp\/v2\/media\/842"}],"wp:attachment":[{"href":"https:\/\/ebooks-creddm.org\/index.php?rest_route=%2Fwp%2Fv2%2Fmedia&parent=856"}],"wp:term":[{"taxonomy":"product_cat","embeddable":true,"href":"https:\/\/ebooks-creddm.org\/index.php?rest_route=%2Fwp%2Fv2%2Fproduct_cat&post=856"},{"taxonomy":"product_tag","embeddable":true,"href":"https:\/\/ebooks-creddm.org\/index.php?rest_route=%2Fwp%2Fv2%2Fproduct_tag&post=856"}],"curies":[{"name":"wp","href":"https:\/\/api.w.org\/{rel}","templated":true}]}}